{"id":126,"date":"2011-04-08T02:55:50","date_gmt":"2011-04-08T02:55:50","guid":{"rendered":"http:\/\/wp.rosabianca.org\/?page_id=126"},"modified":"2011-04-08T02:56:27","modified_gmt":"2011-04-08T02:56:27","slug":"la-storia-della-rosa-bianca","status":"publish","type":"page","link":"https:\/\/www.rosabianca.org\/?page_id=126","title":{"rendered":"La storia della Rosa Bianca"},"content":{"rendered":"<p>La memoria della Weisse Rose, le idee, le parole, l&#8217;azione politica di resistenza non violenta, il coraggio fino al martirio degli studenti di Monaco hanno affascinato ed affascinano generazioni di giovani europei.<\/p>\n<p>Negli ultimi anni la loro storia \u00e8 diventata patrimonio condiviso dell\u2019Europa, grazie al lavoro instancabile delle Associazioni tedesche e recentemente al successo del bellissimo film di Marc Rothemund, su Sophie Scholl, proiettato con dibattiti appassionati in molte scuole italiane, (con maggiore diffusione dell&#8217;altrettanto provocante ed incisiva pellicola del 1989 di Michael Verhaeven, proiettata negli incontri dell&#8217;Associazione Rosa Bianca italiana.)<\/p>\n<p>In Italia il nome della Rosa Bianca \u00e8 stato fatto conoscere sia attraverso il racconto diretto di alcuni genitori che segnati dalla tragedia nazista, come nel caso Vittorio Emanuele Giuntella, padre dell&#8217;ispiratore della nascita della Rosa Bianca italiana Paolo Giuntella, consegnarono insieme al ricordo dei campi di sterminio e di lavoro, anche la memoria viva dei pochi dolorosi tentativi di resistenza, oppure attraverso qualche saggio consiglio di lettura come quella delle rare prime edizioni tradotte sulla vita dei fratelli Scholl.<\/p>\n<p>A partire dalla fine degli anni 70 il &#8220;noi non taceremo&#8221; dei martiri antinazisti ed il grido &#8220;viva la libert\u00e0&#8221; cominciarono a diventare le parole d&#8217;ordine di un gruppo di giovani cattolici impegnati nell&#8217;associazionismo (Azione cattolica, Fuci, Agesci, Acli&#8230;), in movimenti ecclesiali e politici, che decisero di ritrovarsi periodicamente per confrontarsi sulla realt\u00e0, progettare iniziative, scambiarsi letture formative, costruire stili di vita alternativi a quelli consumisti e &#8220;rampanti&#8221; che cominciavano a crescere nell&#8217;Italia dei primi anni &#8217;80.<\/p>\n<p>Erano gli anni di uscita dal terrorismo, dopo il rapimento e la morte di Aldo Moro, del mancato rinnovamento della Democrazia Cristiana, dei molteplici tentativi di coniugare il solidarisrmo cristiano con gli ideali socialisti, del diffondersi dei movimenti femministi. Tempi in cui la Chiesa italiana, dopo l&#8217;entusiasmo del convegno &#8220;Evangelizzazione e promozione umana&#8221;, nel solco delle speranze suscitate dal Concilio, non sembra accettare l&#8217;opzione di un pluralismo dei cattolici impegnati in politica.<\/p>\n<p>I giovani e le giovani che volevano essere &#8220;forti di spirito e teneri di cuore&#8221; trovarono ascolto e spazio di azione all&#8217;interno della Lega Democratica, movimento politico autonomo dai partiti, sorto a ridosso delle battaglie referendarie dei primi anni 70, in particolare quella sul divorzio, fondato ed animato da coloro che divennero dei veri e propri maestri viventi e che man mano andarono ad affiancarsi a quelli che tramite le letture, gli incontri personali, la memoria altrettanto viva e pericolosa erano i punti di riferimento ed il collante prezioso del pensiero e dell&#8217;azione politica di questo gruppo ancora in embrione.<\/p>\n<p>Non solo poterono continuare ad attingere alle eredit\u00e0 lasciate da Emmanuel Mounier, J.Jacques Maritain, M.Ghandi, M. Luther King, George Bernanos, Tommaso Moro, don Lorenzo Milani, don Primo Mazzolari, Giorgio La Pira, Edith Stein, Hannah Arendt, ma poterono cominciare ad ascoltare e dialogare con questi adulti (tra gli altri Achille Ardig\u00f2, Luigi Bazoli, Leonardo Benevolo, Angelo e Paola Gaiotti De Biase, Ermanno Gorrieri, Nicol\u00f2 Lipari, Luciano Pazzaglia, Luigi Pedrazzi, Roberto Pertile, Livio Pescia, Paolo Prodi, Roberto Ruffilli, Pietro Scoppola), i quali misero a disposizione tempo ed energie sia per la diffusione della rivista Appunti di cultura e politica, sia attraverso l&#8217;organizzazione di Convegni a Brescia ed a Pisa dal titolo suggestivo &#8220;Riamare la politica&#8221; nel 1980, (come simbolo fu adottato un fiore con la colomba bianca, a cui venne affiancata per alcuni anni la poesia di Jos\u00e8 Marti, per ricordare a tutti la nostra ispirazione al cammino delle comunit\u00e0 sudamericane), sia infine con l&#8217;organizzazione di una prima serie di scuole di formazione politica in Trentino( Mazzin nel 1981, Campitello di Fassa nel 1982).<\/p>\n<p>Questa partecipazione attiva dei giovani crebbe con il passare degli anni, in particolare nella lunga serie di scuole estive organizzate a Brentonico ancora dalla Lega Democratica sino al 1985 ed in seguito direttamente dalla stessa Rosa Bianca, unitamente alla rivista Il Margine, nel frattempo nata in Trentino, pur se con crescente diffusione nazionale.<\/p>\n<p>Con il tramontare dell&#8217;esperienza della Lega Democratica, nasce, infatti, l&#8217;esigenza di non disperdere n\u00e9 il patrimonio comune, n\u00e8 la ricchezza delle molte relazioni intrecciate, caratterizzate da un rapporto franco, dalla convivialit\u00e0 degli incontri, dalla passione condivisa, dalle scelte di vita radicali.<\/p>\n<p>La Rosa Bianca sceglie di diventare una comunit\u00e0 di vita politica, prima ancora che un&#8217;associazione, scrive un decalogo di comportamento, propone una piccola regola riassunta nei tre consigli: povert\u00e0 di potere, castit\u00e0 di intenti, obbedienza ai bisogni reali dei poveri.<\/p>\n<p>Sono gli anni della occupazione delle Istituzioni da parte del sistema dei partiti, del soffocamento del ruolo delle formazioni sociali, dei primi segnali della corruzione e dell&#8217;affarismo in politica.<\/p>\n<p>La piccola regola assume nella vita personale, professionale, politica, sociale, ecclesiale il valore di una forma di resistenza non violenta seppur vissuta da un piccolo gruppo, di cui la Rosa Bianca italiana era debitrice nei confronti di quella tedesca.<\/p>\n<p>Nel dicembre 1986 decisivo \u00e8 l&#8217;incontro con don Giuseppe Dossetti, una delle pi\u00f9 grandi figure del dopo guerra italiano, sia per la politica italiana (fu uno della Commissione dei 70 Costituenti), sia per la spiritualit\u00e0 universale (monaco, fondatore della Piccola Famiglia dell&#8217;Annunziata). Grazie al suo richiamo forte al primato della Scrittura che per i cristiani impegnati in politica diviene il nutrimento indispensabile per giungere ad &#8220;una sapienza della prassi&#8221; attraverso l&#8217;assunzione di &#8220;abiti virtuosi&#8221; e grazie alla perentoria esortazione a continuare sulla strada della formazione, l&#8217;attivit\u00e0 della Rosa Bianca riprese sia con l&#8217;organizzazione delle scuole estive, sia con il periodico incontro annuale di spiritualit\u00e0, sia con l&#8217;attuazione di laboratori locali di sperimentazione politica, sia infine attraverso alcune azioni simboliche tra le quali la pi\u00f9 nota riguard\u00f2 l&#8217;inoltro della difesa della buona fama di  Giuseppe Lazzati (Costituente, rettore dell&#8217;Universit\u00e0 Cattolica, maestro di laicit\u00e0) innanzi al Tribunale ecclesiastico milanese.<\/p>\n<p>La scelta dei temi formativi e degli ambiti di discussione viene scandita non solo dall&#8217;attualit\u00e0 politica, culturale, sociale ed ecclesiale italiana, ma anche dall&#8217;attenzione a ci\u00f2 che si muove, avanza, cresce o decresce nel mondo intero ed in particolare nei paesi impoveriti ma ricchi di fermento ideale ed all&#8217;avanguardia nel rinnovamento dell&#8217;amore per la polis.<\/p>\n","protected":false},"excerpt":{"rendered":"<p>La memoria della Weisse Rose, le idee, le parole, l&#8217;azione politica di resistenza non violenta, il coraggio fino al martirio degli studenti di Monaco hanno affascinato ed affascinano generazioni di giovani europei. Negli ultimi anni la loro storia \u00e8 diventata patrimonio condiviso dell\u2019Europa, grazie al lavoro instancabile delle Associazioni tedesche e recentemente al successo del &hellip; <a href=\"https:\/\/www.rosabianca.org\/?page_id=126\" class=\"more-link\">Continua la lettura di <span class=\"screen-reader-text\">La storia della Rosa Bianca<\/span> <span class=\"meta-nav\">&rarr;<\/span><\/a><\/p>\n","protected":false},"author":1,"featured_media":0,"parent":2,"menu_order":0,"comment_status":"open","ping_status":"closed","template":"","meta":{"footnotes":""},"class_list":["post-126","page","type-page","status-publish","hentry"],"publishpress_future_action":{"enabled":false,"date":"2026-04-28 10:02:13","action":"change-status","newStatus":"draft","terms":[],"taxonomy":"","extraData":[]},"publishpress_future_workflow_manual_trigger":{"enabledWorkflows":[]},"_links":{"self":[{"href":"https:\/\/www.rosabianca.org\/index.php?rest_route=\/wp\/v2\/pages\/126","targetHints":{"allow":["GET"]}}],"collection":[{"href":"https:\/\/www.rosabianca.org\/index.php?rest_route=\/wp\/v2\/pages"}],"about":[{"href":"https:\/\/www.rosabianca.org\/index.php?rest_route=\/wp\/v2\/types\/page"}],"author":[{"embeddable":true,"href":"https:\/\/www.rosabianca.org\/index.php?rest_route=\/wp\/v2\/users\/1"}],"replies":[{"embeddable":true,"href":"https:\/\/www.rosabianca.org\/index.php?rest_route=%2Fwp%2Fv2%2Fcomments&post=126"}],"version-history":[{"count":2,"href":"https:\/\/www.rosabianca.org\/index.php?rest_route=\/wp\/v2\/pages\/126\/revisions"}],"predecessor-version":[{"id":128,"href":"https:\/\/www.rosabianca.org\/index.php?rest_route=\/wp\/v2\/pages\/126\/revisions\/128"}],"up":[{"embeddable":true,"href":"https:\/\/www.rosabianca.org\/index.php?rest_route=\/wp\/v2\/pages\/2"}],"wp:attachment":[{"href":"https:\/\/www.rosabianca.org\/index.php?rest_route=%2Fwp%2Fv2%2Fmedia&parent=126"}],"curies":[{"name":"wp","href":"https:\/\/api.w.org\/{rel}","templated":true}]}}