{"id":1965,"date":"2018-03-17T22:28:48","date_gmt":"2018-03-17T22:28:48","guid":{"rendered":"http:\/\/www.rosabianca.org\/?page_id=1965"},"modified":"2020-05-21T06:35:24","modified_gmt":"2020-05-21T06:35:24","slug":"scuole","status":"publish","type":"page","link":"https:\/\/www.rosabianca.org\/?page_id=1965","title":{"rendered":"Scuole"},"content":{"rendered":"<p>INCONTRI ESTIVI<\/p>\n<p><em>Gli incontri estivi di formazione politica organizzate a Brentonico (TN) furono:<\/em><\/p>\n<p>Il politico e le virt\u00f9 (1987);<\/p>\n<p>Cittadini o sudditi? Ricchi e poveri di potere nella democrazia che cambia (1988);<\/p>\n<p>Modernizzazione e destino dell&#8217;uomo (1989);<\/p>\n<p>La politica e la giustizia: le regole e i frammenti. I cattolici democratici e la riforma della societ\u00e0 italiana( 1990);<\/p>\n<p>Democrazia e mercato: la speranza di un ordine giusto(1991);<\/p>\n<p>Quale Repubblica? Il tempo delle scelte( 1992);<\/p>\n<p>A 50 anni dalla Rosa Bianca: L&#8217;Europa e i suoi fantasmi (1993);<\/p>\n<p>Sentinella, Quanto resta della notte?I cattolici e i rischi per la democrazia che cambia(1994);<\/p>\n<p>Capacit\u00e0 di futuro: La democrazia in Italia e nel mondo verso il terzo millennio (1995);<\/p>\n<p>Con l&#8217;Occidente, oltre l&#8217;Occidente (1996);<\/p>\n<p>Per una democrazia personalista (1997);<\/p>\n<p>La rabbia dei poveri sfida la politica. Destra e sinistra pari sono?( 1998).<\/p>\n<p><em>Dal 1999 si decide di scendere dalle valli trentine e di iniziare un itinerario sulla strade d\u2019Italia, a partire dal Sud, si organizzano cos\u00ec le due Scuole di Formazione ad Oria (Brindisi)<\/em><\/p>\n<p>Spezzare le catene. Immigrati ed oppressi provocano l&#8217;Europa (1999);<\/p>\n<p>Tante stelle sotto un unico cielo. Le risposte della societ\u00e0 e della Chiesa alla paura dello straniero. (2000)<\/p>\n<p><em>Dopo una pausa di riflessione con una scuola di autoformazione senza relatori &#8220;esterni&#8221; al Monte Bondone nel 2001, si torna a pensare, agire, peregrinare sulle orme del personalismo comunitario con lo sguardo orientato verso la realizzazione di utopie concrete.<\/em><\/p>\n<p><em>Ed allora ancora scuole in diverse localit\u00e0:<\/em><\/p>\n<p>La bellezza della comunit\u00e0. Identit\u00e0 e progetto del personalismo comunitario in Italia. Assisi (2002);<\/p>\n<p>Governare il mondo un&#8217;utopia possibile. Triuggio (MI) (2003);<\/p>\n<p>Tornino i volti, L&#8217;arte del dialogo in un mondo di soli. Gualdo Tadino (2004);<\/p>\n<p>Ora \u00e8 tempo di gioia. Rose belle per un&#8217;Italia nuova. Camaldoli (2005)<\/p>\n<p>Per amore le radici della buona politica. Rimini (2006)<\/p>\n<p>L&#8217;amore conta. Per una democrazia ad alta energia. Cesenatico (2007).<\/p>\n<p>L\u2019aratro, l\u2019ipod e le stelle. Roncegno (TN) (2008)<\/p>\n<p>Libert\u00e0 fuori le mura. Roncegno (TN) (2009)<\/p>\n<p>E\u2019 tempo di pensieri e passioni forti. Solo nel fuoco si semina il fuoco Roncegno (TN) ( 2010)<\/p>\n<p><em>Dal 2011 le scuole di formazione si tengono a Terzolas, in Val di Sole (TN)<\/em><\/p>\n<p>Disuguaglianze- Indifferenze- Mercanti La bella politica addormentata nell\u2019incantesimo globale Terzolas (TN) (2011)<\/p>\n<p>Pop12 Il risveglio dei popoli nella crisi delle sovranit\u00e0 Terzolas (TN) (2012)<\/p>\n<p>\u201cNoi non taceremo\u201d \u2026 ancora. Terzolas (TN) (2013)<\/p>\n<p>Ri-amare la politica. Terzolas (TN) (2014)<\/p>\n<p>Terra, Casa, Lavoro. Baida (PA) (2015)<\/p>\n<p>Rischiare la pace. Terzolas (2015)<\/p>\n<p>\u201cPi\u00f9 lento, pi\u00f9 dolce, pi\u00f9 profondo\u201d. Terzolas (2016)<\/p>\n<p>I care. Democrazia e prossimit\u00e0? Riappropriarsi delle parole con pratiche di vita. Terzolas (2017)<\/p>\n<p>Sconfinamenti, tra sogni e visioni. Terzolas (2018)<\/p>\n<p>Sostenibilit\u00e0, giustizia sociale e ambientale. Terzolas (2019)<\/p>\n","protected":false},"excerpt":{"rendered":"<p>INCONTRI ESTIVI Gli incontri estivi di formazione politica organizzate a Brentonico (TN) furono: Il politico e le virt\u00f9 (1987); Cittadini o sudditi? Ricchi e poveri di potere nella democrazia che cambia (1988); Modernizzazione e destino dell&#8217;uomo (1989); La politica e la giustizia: le regole e i frammenti. I cattolici democratici e la riforma della societ\u00e0 &hellip; <a href=\"https:\/\/www.rosabianca.org\/?page_id=1965\" class=\"more-link\">Continua la lettura di <span class=\"screen-reader-text\">Scuole<\/span> <span class=\"meta-nav\">&rarr;<\/span><\/a><\/p>\n","protected":false},"author":1,"featured_media":0,"parent":930,"menu_order":0,"comment_status":"closed","ping_status":"closed","template":"","meta":{"footnotes":""},"class_list":["post-1965","page","type-page","status-publish","hentry"],"publishpress_future_action":{"enabled":false,"date":"2026-05-04 22:49:13","action":"change-status","newStatus":"draft","terms":[],"taxonomy":"","extraData":[]},"publishpress_future_workflow_manual_trigger":{"enabledWorkflows":[]},"_links":{"self":[{"href":"https:\/\/www.rosabianca.org\/index.php?rest_route=\/wp\/v2\/pages\/1965","targetHints":{"allow":["GET"]}}],"collection":[{"href":"https:\/\/www.rosabianca.org\/index.php?rest_route=\/wp\/v2\/pages"}],"about":[{"href":"https:\/\/www.rosabianca.org\/index.php?rest_route=\/wp\/v2\/types\/page"}],"author":[{"embeddable":true,"href":"https:\/\/www.rosabianca.org\/index.php?rest_route=\/wp\/v2\/users\/1"}],"replies":[{"embeddable":true,"href":"https:\/\/www.rosabianca.org\/index.php?rest_route=%2Fwp%2Fv2%2Fcomments&post=1965"}],"version-history":[{"count":2,"href":"https:\/\/www.rosabianca.org\/index.php?rest_route=\/wp\/v2\/pages\/1965\/revisions"}],"predecessor-version":[{"id":3071,"href":"https:\/\/www.rosabianca.org\/index.php?rest_route=\/wp\/v2\/pages\/1965\/revisions\/3071"}],"up":[{"embeddable":true,"href":"https:\/\/www.rosabianca.org\/index.php?rest_route=\/wp\/v2\/pages\/930"}],"wp:attachment":[{"href":"https:\/\/www.rosabianca.org\/index.php?rest_route=%2Fwp%2Fv2%2Fmedia&parent=1965"}],"curies":[{"name":"wp","href":"https:\/\/api.w.org\/{rel}","templated":true}]}}