{"id":1974,"date":"2018-03-18T07:17:35","date_gmt":"2018-03-18T07:17:35","guid":{"rendered":"http:\/\/www.rosabianca.org\/?page_id=1974"},"modified":"2018-03-18T08:21:28","modified_gmt":"2018-03-18T08:21:28","slug":"scuola-estiva-2015-palermo","status":"publish","type":"page","link":"https:\/\/www.rosabianca.org\/?page_id=1974","title":{"rendered":"Scuola estiva 2015 Palermo"},"content":{"rendered":"<h2><strong>&#8220;Terra casa lavoro&#8221;<\/strong><\/h2>\n<p><em>19-21 giugno 2015 \u2013 Convento di Baida (PA)<\/em><\/p>\n<p>\u201c<em>In una societ\u00e0 dove tutto \u00e8 diventato merce, e dove chi ha soldi pu\u00f2 comperare e stare meglio, occorre la riabilitazione del \u00abgratuito\u00bb, di ci\u00f2 che si pu\u00f2 usare ma non comperare.<\/em>\u201d (Alexander Langer)<\/p>\n<p>Di fronte alle difficolt\u00e0 legate a risorse economiche che risultano sempre pi\u00f9 limitate nell&#8217;impiego per una loro condivisione nell&#8217;ambito di sfere comuni e distribuite in modo profondamente ineguale sar\u00e0 l\u2019occasione per affrontare le sfide per coniugare eco-nomia, sostenibilit\u00e0 e coesione sociale, attraverso testimonianze e proposte.<\/p>\n<p><a href=\"https:\/\/www.rosabianca.org\/wp-content\/uploads\/Baida2015.jpg\"><img loading=\"lazy\" decoding=\"async\" class=\"size-medium wp-image-2009 alignright\" src=\"https:\/\/www.rosabianca.org\/wp-content\/uploads\/Baida2015-300x225.jpg\" alt=\"\" width=\"300\" height=\"225\" srcset=\"https:\/\/www.rosabianca.org\/wp-content\/uploads\/Baida2015-300x225.jpg 300w, https:\/\/www.rosabianca.org\/wp-content\/uploads\/Baida2015-250x188.jpg 250w, https:\/\/www.rosabianca.org\/wp-content\/uploads\/Baida2015.jpg 448w\" sizes=\"auto, (max-width: 300px) 100vw, 300px\" \/><\/a><\/p>\n<p><strong>Programma **<\/strong><\/p>\n<p><strong>Venerd\u00ec 19 giugno<\/strong><\/p>\n<p>ore 15.30: Introduzione alla scuola<br \/>\nFabio Caneri &#8211; <em>presidente della Rosa Bianca<\/em><\/p>\n<p>ore 16.00:<strong> Terra e beni relazionali, aspirazione profonda per un futuro amico<br \/>\n<\/strong>Antonino Caleca &#8211;\u00a0<em>assessore Regione Siciliana dell\u2019agricoltura, dello sviluppo rurale, della pesca mediterranea<\/em><br \/>\nUmberto Di Maggio &#8211;\u00a0<em>coordinatore regionale in Sicilia di \u201cLibera\u201d<\/em><br \/>\nSteni Di Piazza &#8211; <em>Presidente Mecc &#8211; Microcredito di Economia Civile e di Comunione<\/em><\/p>\n<p>ore 17.00: <strong>La condivisione dei beni &#8211; La presenza nei Cara<\/strong><br \/>\nEmiliano Abramo &#8211;\u00a0presidente<em>\u00a0Comunit\u00e0 di Sant\u2019Egidio Sicilia Onlus<\/em><\/p>\n<p>ore 18.45: <strong>Pratiche di terra, pratiche di mare<\/strong><br \/>\n<em>scambi cooperativi<\/em><\/p>\n<p>ore 21.00; <strong>L\u2019abbecedario della giovane resistenza<\/strong><\/p>\n<p><strong>Sabato 20 giugno<\/strong><\/p>\n<p>ore 9.30;\u00a0<strong>Spazi vitali comuni beni di relazione<br \/>\n<\/strong><\/p>\n<p>Leoluca Orlando &#8211;\u00a0<em>sindaco di Palermo<br \/>\n<\/em>Giuseppe Di Francesco &#8211;\u00a0<em>presidente di FairTrade Italia, consiglio di amministraz. Banca Etica<\/em><br \/>\nGiuliana Martirani &#8211;\u00a0<em>docente di geografia politica ed economica<\/em><\/p>\n<p>ore 15.30:<em>\u00a0Scambi cooperativi<\/em><\/p>\n<p>ore 17.00:\u00a0<em>visite luoghi di pratica di spazi e beni relazionali<\/em><\/p>\n<ul>\n<li>Orto condiviso, quartiere Zen<\/li>\n<li>Casa di Giuliana, quartiere Capo<\/li>\n<\/ul>\n<p>ore 21.30:\u00a0<strong>Romero, santo dei Poveri<\/strong><br \/>\nIl percorso di un vescovo convertito dal popolo<\/p>\n<p>Grazia Villa &#8211;\u00a0<em>avvocata, gi\u00e0 presidente della Rosa Bianca<\/em><\/p>\n<p><strong>Domenica 21 giugno<\/strong><\/p>\n<p>ore 9.30:<strong> Lavoro, pensare e agire in termini di comunit\u00e0<\/strong><br \/>\nGaetano Giunta &#8211;\u00a0<em>segretario generale di Fondazione di Comunit\u00e0 di Messina<br \/>\n<\/em>Gea Schir\u00f2 &#8211;\u00a0<em>deputata, commissione politiche Unione Europea<\/em><br \/>\nSalvatore Tallarita<em> &#8211; progetto Misiliscemi<br \/>\n<\/em>Leoluca Orlando &#8211;\u00a0<em>sindaco di Palermo<\/em><\/p>\n","protected":false},"excerpt":{"rendered":"<p>&#8220;Terra casa lavoro&#8221; 19-21 giugno 2015 \u2013 Convento di Baida (PA) \u201cIn una societ\u00e0 dove tutto \u00e8 diventato merce, e dove chi ha soldi pu\u00f2 comperare e stare meglio, occorre la riabilitazione del \u00abgratuito\u00bb, di ci\u00f2 che si pu\u00f2 usare ma non comperare.\u201d (Alexander Langer) Di fronte alle difficolt\u00e0 legate a risorse economiche che risultano &hellip; <a href=\"https:\/\/www.rosabianca.org\/?page_id=1974\" class=\"more-link\">Continua la lettura di <span class=\"screen-reader-text\">Scuola estiva 2015 Palermo<\/span> <span class=\"meta-nav\">&rarr;<\/span><\/a><\/p>\n","protected":false},"author":1,"featured_media":1578,"parent":1965,"menu_order":0,"comment_status":"closed","ping_status":"closed","template":"","meta":{"footnotes":""},"class_list":["post-1974","page","type-page","status-publish","has-post-thumbnail","hentry"],"publishpress_future_action":{"enabled":false,"date":"2026-04-19 21:47:49","action":"change-status","newStatus":"draft","terms":[],"taxonomy":""},"publishpress_future_workflow_manual_trigger":{"enabledWorkflows":[]},"_links":{"self":[{"href":"https:\/\/www.rosabianca.org\/index.php?rest_route=\/wp\/v2\/pages\/1974","targetHints":{"allow":["GET"]}}],"collection":[{"href":"https:\/\/www.rosabianca.org\/index.php?rest_route=\/wp\/v2\/pages"}],"about":[{"href":"https:\/\/www.rosabianca.org\/index.php?rest_route=\/wp\/v2\/types\/page"}],"author":[{"embeddable":true,"href":"https:\/\/www.rosabianca.org\/index.php?rest_route=\/wp\/v2\/users\/1"}],"replies":[{"embeddable":true,"href":"https:\/\/www.rosabianca.org\/index.php?rest_route=%2Fwp%2Fv2%2Fcomments&post=1974"}],"version-history":[{"count":4,"href":"https:\/\/www.rosabianca.org\/index.php?rest_route=\/wp\/v2\/pages\/1974\/revisions"}],"predecessor-version":[{"id":2011,"href":"https:\/\/www.rosabianca.org\/index.php?rest_route=\/wp\/v2\/pages\/1974\/revisions\/2011"}],"up":[{"embeddable":true,"href":"https:\/\/www.rosabianca.org\/index.php?rest_route=\/wp\/v2\/pages\/1965"}],"wp:featuredmedia":[{"embeddable":true,"href":"https:\/\/www.rosabianca.org\/index.php?rest_route=\/wp\/v2\/media\/1578"}],"wp:attachment":[{"href":"https:\/\/www.rosabianca.org\/index.php?rest_route=%2Fwp%2Fv2%2Fmedia&parent=1974"}],"curies":[{"name":"wp","href":"https:\/\/api.w.org\/{rel}","templated":true}]}}