{"id":1977,"date":"2018-03-18T07:31:38","date_gmt":"2018-03-18T07:31:38","guid":{"rendered":"http:\/\/www.rosabianca.org\/?page_id=1977"},"modified":"2018-03-18T08:16:33","modified_gmt":"2018-03-18T08:16:33","slug":"scuola-estiva-2012","status":"publish","type":"page","link":"https:\/\/www.rosabianca.org\/?page_id=1977","title":{"rendered":"Scuola estiva 2012"},"content":{"rendered":"<p><strong>POP012 &#8211; Il risveglio dei popoli nella crisi delle sovranit\u00e0<\/strong><\/p>\n<p>La scuola di formazione si terr\u00e0 a Terzolas (TN) dal 24 al 28 agosto 2012.<\/p>\n<p><a href=\"https:\/\/www.rosabianca.org\/wp-content\/uploads\/Terzolas2012.jpg\"><img loading=\"lazy\" decoding=\"async\" class=\"size-medium wp-image-1998 alignright\" src=\"https:\/\/www.rosabianca.org\/wp-content\/uploads\/Terzolas2012-300x200.jpg\" alt=\"\" width=\"300\" height=\"200\" srcset=\"https:\/\/www.rosabianca.org\/wp-content\/uploads\/Terzolas2012-300x200.jpg 300w, https:\/\/www.rosabianca.org\/wp-content\/uploads\/Terzolas2012-250x167.jpg 250w, https:\/\/www.rosabianca.org\/wp-content\/uploads\/Terzolas2012.jpg 448w\" sizes=\"auto, (max-width: 300px) 100vw, 300px\" \/><\/a><\/p>\n<p><strong>Programma<\/strong><\/p>\n<p>Venerd\u00ec 24 agosto<\/p>\n<p>Pomeriggio: arrivi ed accoglienza<\/p>\n<p>ore 21: Concerto per violino e pianoforte<\/p>\n<p>Duo MOGGI ZORDAN<\/p>\n<p><a href=\"https:\/\/www.rosabianca.org\/wp-content\/uploads\/Terzolas2012-1.jpg\"><img loading=\"lazy\" decoding=\"async\" class=\"size-medium wp-image-2000 alignright\" src=\"https:\/\/www.rosabianca.org\/wp-content\/uploads\/Terzolas2012-1-300x200.jpg\" alt=\"\" width=\"300\" height=\"200\" srcset=\"https:\/\/www.rosabianca.org\/wp-content\/uploads\/Terzolas2012-1-300x200.jpg 300w, https:\/\/www.rosabianca.org\/wp-content\/uploads\/Terzolas2012-1-250x167.jpg 250w, https:\/\/www.rosabianca.org\/wp-content\/uploads\/Terzolas2012-1.jpg 448w\" sizes=\"auto, (max-width: 300px) 100vw, 300px\" \/><\/a><\/p>\n<p>Sabato 25 agosto<\/p>\n<p>ore 8 Sperare oggi lectio divina a cura di<br \/>\nDom Franco Mosconi monaco camaldolese<\/p>\n<p>ore 9.30 Introduzione alla scuola<\/p>\n<p>L\u2019ossimoro della sovranit\u00e0 democratica del popolo<\/p>\n<p>Grazia Villa presidente Rosa Bianca<\/p>\n<p>Populismi , neototalitarismi, democrazie compiute, reti e pratiche politiche<\/p>\n<p>Monica Lanfranco giornalista, formatrice sui temi della differenza di genere e sul conflitto<\/p>\n<p>ore 15 Democrazia economica e prospettive dei popoli. E dei poveri<br \/>\nIl popolo ha fame? Dategli le brioches<\/p>\n<p>Alessandra Smerilli docente di economia Pontifica facolt\u00e0 di Scienze dell\u2019educazione<br \/>\nGiorgio Mion docente di Economia aziendale all&#8217;Universit\u00e0 di Verona<br \/>\nCoordina: Harriet Mugera dottoranda in Economics &amp; Management &#8211; Universit\u00e0 di Trento<\/p>\n<p>Presentazione del libro<\/p>\n<p>\u201cIl manifesto dei poveri \u2013 per non morire di capitalismo\u201d<\/p>\n<p>di Frans van der Hoff, padre del commercio equo e solidale<\/p>\n<p>ore 18 La sovranit\u00e0 dei cittadini ai tempi dello spread<br \/>\ndi Adriano Sansa magistrato, editorialista di \u201cFamiglia cristiana\u201d<\/p>\n<p>ore 21: Tavola rotonda<\/p>\n<p>II Concilio Vaticano II: dove \u00e8 finito il popolo di Dio?<\/p>\n<p>Gigi Pedrazzi politologo, saggista, fondatore de \u201cIl Mulino\u201d<\/p>\n<p>Debora Spini docente di filosofia sociale<\/p>\n<p>Luigi Sandri vaticanista dell&#8217; Ecumenical News International di Ginevra<\/p>\n<p>Domenica 26 agosto<\/p>\n<p>ore 8 Lectio divina a cura di<br \/>\nMarcello Farina teologo e filosofo, su la Samaritana<\/p>\n<p>ore 9.30 Incontro-dibattito<\/p>\n<p>Il popolo sovrano e la bellissima Costituzione<\/p>\n<p>con Donata Borgonovo Re &#8211; dottore di ricerca in Diritto Amministrativo e ricercatrice di Istituzioni di Diritto Pubblico<\/p>\n<p>ore 11.00 Tavola rotonda<\/p>\n<p>Le primavere e gli autunni dei popoli<br \/>\n(mediterraneo, europe, arabia)<\/p>\n<p>Marisa Paolucci giornalista, autrice di reportage dall&#8217;Africa<br \/>\nGino Barsella giornalista del CIR (consiglio italiano per i rifugiati)<br \/>\nLidia Menapace politica e saggista<br \/>\nMouhcen Bendaoud* educatore-Formatore (Marocco-Italia)<\/p>\n<p>ore 15 L\u2019Europa e l&#8217;Occidente di fronte alla sfida degli altri<\/p>\n<p>Filippo Andreatta docente di politica internazionale e studi strategici dell&#8217;Universit\u00e0 di Bologna<\/p>\n<p>Antonio Panzeri parlamentare europeo &#8211; presidente della delegazione per i rapporti con il Maghreb<\/p>\n<p>Giovanni Kessler direttore generale OLAF \u2013 Commissione Europea<\/p>\n<p>ore 21 Pop songs &amp; religion<\/p>\n<p>Presentazione-concerto del libro \u201cDio tu e le rose\u201d,<br \/>\ncon Brunetto Salvarani e Odo Semellini<\/p>\n<p>Luned\u00ec 27 agosto<\/p>\n<p>ore 8 Meditazione a partire da \u201cIl Dio delle donne\u201d<\/p>\n<p>ore 9.30 Racconti: donne e uomini in cerchio<br \/>\nLavori di gruppo con<br \/>\nLuca Menesini (\u201cIl popolo degli amministratori locali\u201d);<br \/>\nBrunetto Salvarani (\u201cUn popolo scosso dal terremoto\u201d);<br \/>\nDoranna Lupi, Carla Galetto e Pinuccia Corrias (\u201cMira il Tuo popolo o bella signora&#8221;)<br \/>\nLisa Xausa (\u201cLaboratorio di danze popolari dal mondo\u201d);<\/p>\n<p>ore 15 Servire il popolo, servire Dio: la lezione di Giuseppe Dossetti.<\/p>\n<p>Presentazione dei libri \u201cGiuseppe Dossetti\u201d di Fabrizio Mandreoli e<br \/>\n\u201cAl monte santo di Dio \u2013 La mia vita con la comunit\u00e0 di Dossetti\u201d di suor Cecilia Impera, monaca della comunit\u00e0 di Monteveglio<\/p>\n<p>in dialogo con Giovanni Pernigotto, docente di teologia morale.<\/p>\n<p>ore 17.30 Il popolo dei senza voce \u2013 Orme di una vita accanto<\/p>\n<p>Incontro con la scrittrice Mariapia Veladiano<\/p>\n<p>ore 21 Serata a cura dei giovani dell\u2019Associazione Note a Margine<\/p>\n<p>In nome del popolo italiano<\/p>\n<p>Presentazione del libro \u201cA onor del vero\u201d con Claudia Pinelli*<\/p>\n<p>Marted\u00ec 28 agosto<\/p>\n<p>ore 8 Lectio divina a cura di<br \/>\nMarcello Farina teologo e filosofo<\/p>\n<p>ore 9.30 POP012: il popolo della Rosa Bianca<\/p>\n<p>Dibattito conclusivo \u2013 mozioni &#8211; proposte<\/p>\n<p>ore 15 Trasferimento a Rovereto<br \/>\nVisita guidata al museo di arte contemporanea Mart :<\/p>\n<p>Pop-Art<\/p>\n<p>Futurismo &#8211; Avanguardie artistiche: ritorno dal futuro?<\/p>\n<p>Con (*) le presenze in attesa di conferma<\/p>\n","protected":false},"excerpt":{"rendered":"<p>POP012 &#8211; Il risveglio dei popoli nella crisi delle sovranit\u00e0 La scuola di formazione si terr\u00e0 a Terzolas (TN) dal 24 al 28 agosto 2012. Programma Venerd\u00ec 24 agosto Pomeriggio: arrivi ed accoglienza ore 21: Concerto per violino e pianoforte Duo MOGGI ZORDAN Sabato 25 agosto ore 8 Sperare oggi lectio divina a cura di &hellip; <a href=\"https:\/\/www.rosabianca.org\/?page_id=1977\" class=\"more-link\">Continua la lettura di <span class=\"screen-reader-text\">Scuola estiva 2012<\/span> <span class=\"meta-nav\">&rarr;<\/span><\/a><\/p>\n","protected":false},"author":1,"featured_media":1578,"parent":1965,"menu_order":0,"comment_status":"closed","ping_status":"closed","template":"","meta":{"footnotes":""},"class_list":["post-1977","page","type-page","status-publish","has-post-thumbnail","hentry"],"publishpress_future_action":{"enabled":false,"date":"2026-05-22 07:11:53","action":"change-status","newStatus":"draft","terms":[],"taxonomy":"","extraData":[]},"publishpress_future_workflow_manual_trigger":{"enabledWorkflows":[]},"_links":{"self":[{"href":"https:\/\/www.rosabianca.org\/index.php?rest_route=\/wp\/v2\/pages\/1977","targetHints":{"allow":["GET"]}}],"collection":[{"href":"https:\/\/www.rosabianca.org\/index.php?rest_route=\/wp\/v2\/pages"}],"about":[{"href":"https:\/\/www.rosabianca.org\/index.php?rest_route=\/wp\/v2\/types\/page"}],"author":[{"embeddable":true,"href":"https:\/\/www.rosabianca.org\/index.php?rest_route=\/wp\/v2\/users\/1"}],"replies":[{"embeddable":true,"href":"https:\/\/www.rosabianca.org\/index.php?rest_route=%2Fwp%2Fv2%2Fcomments&post=1977"}],"version-history":[{"count":4,"href":"https:\/\/www.rosabianca.org\/index.php?rest_route=\/wp\/v2\/pages\/1977\/revisions"}],"predecessor-version":[{"id":2002,"href":"https:\/\/www.rosabianca.org\/index.php?rest_route=\/wp\/v2\/pages\/1977\/revisions\/2002"}],"up":[{"embeddable":true,"href":"https:\/\/www.rosabianca.org\/index.php?rest_route=\/wp\/v2\/pages\/1965"}],"wp:featuredmedia":[{"embeddable":true,"href":"https:\/\/www.rosabianca.org\/index.php?rest_route=\/wp\/v2\/media\/1578"}],"wp:attachment":[{"href":"https:\/\/www.rosabianca.org\/index.php?rest_route=%2Fwp%2Fv2%2Fmedia&parent=1977"}],"curies":[{"name":"wp","href":"https:\/\/api.w.org\/{rel}","templated":true}]}}