{"id":2123,"date":"2018-09-16T07:30:59","date_gmt":"2018-09-16T07:30:59","guid":{"rendered":"http:\/\/www.rosabianca.org\/?page_id=2123"},"modified":"2018-09-16T20:31:26","modified_gmt":"2018-09-16T20:31:26","slug":"volantini-rosa-bianca-formato-easy-to-read","status":"publish","type":"page","link":"https:\/\/www.rosabianca.org\/?page_id=2123","title":{"rendered":"Volantini formato Easy to Read"},"content":{"rendered":"<p>Il linguaggio Easy To Read (Facile da leggere) propone una\u00a0 semplificazione dei concetti o delle parole in una forma facile da leggere e facile da capire. E&#8217; promosso a livello europeo da \u201cInclusion Europe\u201d (Associazione europea di persone con disabilit\u00e0 intellettiva e le loro famiglie). Prevede il coinvolgimento attivo delle persone che partecipano all\u2019intero processo di stesura del testo sia come redattori che come lettori di prova.<a href=\"https:\/\/www.rosabianca.org\/wp-content\/uploads\/20180824-Easy-to-Read-Esperienza-giovani-SFA-LDeCarli-8.jpg\"><img loading=\"lazy\" decoding=\"async\" class=\"size-medium wp-image-2143 alignright\" src=\"https:\/\/www.rosabianca.org\/wp-content\/uploads\/20180824-Easy-to-Read-Esperienza-giovani-SFA-LDeCarli-8-300x169.jpg\" alt=\"\" width=\"300\" height=\"169\" srcset=\"https:\/\/www.rosabianca.org\/wp-content\/uploads\/20180824-Easy-to-Read-Esperienza-giovani-SFA-LDeCarli-8-300x169.jpg 300w, https:\/\/www.rosabianca.org\/wp-content\/uploads\/20180824-Easy-to-Read-Esperienza-giovani-SFA-LDeCarli-8-768x432.jpg 768w, https:\/\/www.rosabianca.org\/wp-content\/uploads\/20180824-Easy-to-Read-Esperienza-giovani-SFA-LDeCarli-8-1024x576.jpg 1024w, https:\/\/www.rosabianca.org\/wp-content\/uploads\/20180824-Easy-to-Read-Esperienza-giovani-SFA-LDeCarli-8-250x141.jpg 250w, https:\/\/www.rosabianca.org\/wp-content\/uploads\/20180824-Easy-to-Read-Esperienza-giovani-SFA-LDeCarli-8.jpg 1060w\" sizes=\"auto, (max-width: 300px) 100vw, 300px\" \/><\/a><\/p>\n<p><strong>L\u2019accesso alle informazioni \u00e8 un diritto<\/strong> ed \u00e8 condizione per una societ\u00e0 giusta che garantisca una concreta partecipazione di tutte e di tutti alla vita della comunit\u00e0.<\/p>\n<p>L\u2019utilizzo del \u201clinguaggio facile da leggere\u201d d\u00e0 attuazione alla definizione di accessibilit\u00e0 contenuta nella Convenzione ONU sui Diritti delle persone con persone con disabilit\u00e0 per assicurare alle persone con disabilit\u00e0, su base di eguaglianza con gli altri, l\u2019accesso all\u2019informazione e comunicazione.<\/p>\n<p>I giovani del Servizio di Formazione all&#8217;Autonomia di Brescia hanno costruito un percorso di formazione politica e di educazione alla cittadinanza ritrascrivendo in linguaggio Easy to Read i volantini della Rosa Bianca.<\/p>\n<p><a href=\"https:\/\/www.rosabianca.org\/?page_id=2127\"><strong>primo volantino<\/strong><\/a> formato easy to read<br \/>\n<a href=\"https:\/\/www.rosabianca.org\/?page_id=2129\"><strong>secondo volantino<\/strong><\/a> formato easy to read<br \/>\n<a href=\"https:\/\/www.rosabianca.org\/?page_id=2131\"><strong>terzo volantino<\/strong><\/a> formato easy to read<br \/>\n<a href=\"https:\/\/www.rosabianca.org\/?page_id=2134\"><strong>quarto volantino<\/strong><\/a> formato easy to read<br \/>\n<a href=\"https:\/\/www.rosabianca.org\/?page_id=2135\"><strong>quinto volantino<\/strong><\/a> formato easy to read<br \/>\n<a href=\"https:\/\/www.rosabianca.org\/?page_id=2136\"><strong>sesto volantino<\/strong><\/a> formato easy to read<\/p>\n<p><a href=\"https:\/\/www.rosabianca.org\/?page_id=2146\"><strong>Presentazione Rosa Bianca<\/strong><\/a> in formato easy to read<\/p>\n","protected":false},"excerpt":{"rendered":"<p>Il linguaggio Easy To Read (Facile da leggere) propone una\u00a0 semplificazione dei concetti o delle parole in una forma facile da leggere e facile da capire. E&#8217; promosso a livello europeo da \u201cInclusion Europe\u201d (Associazione europea di persone con disabilit\u00e0 intellettiva e le loro famiglie). Prevede il coinvolgimento attivo delle persone che partecipano all\u2019intero processo &hellip; <a href=\"https:\/\/www.rosabianca.org\/?page_id=2123\" class=\"more-link\">Continua la lettura di <span class=\"screen-reader-text\">Volantini formato Easy to Read<\/span> <span class=\"meta-nav\">&rarr;<\/span><\/a><\/p>\n","protected":false},"author":1,"featured_media":0,"parent":0,"menu_order":0,"comment_status":"closed","ping_status":"closed","template":"","meta":{"footnotes":""},"class_list":["post-2123","page","type-page","status-publish","hentry"],"publishpress_future_action":{"enabled":false,"date":"2026-04-28 11:36:05","action":"change-status","newStatus":"draft","terms":[],"taxonomy":"","extraData":[]},"publishpress_future_workflow_manual_trigger":{"enabledWorkflows":[]},"_links":{"self":[{"href":"https:\/\/www.rosabianca.org\/index.php?rest_route=\/wp\/v2\/pages\/2123","targetHints":{"allow":["GET"]}}],"collection":[{"href":"https:\/\/www.rosabianca.org\/index.php?rest_route=\/wp\/v2\/pages"}],"about":[{"href":"https:\/\/www.rosabianca.org\/index.php?rest_route=\/wp\/v2\/types\/page"}],"author":[{"embeddable":true,"href":"https:\/\/www.rosabianca.org\/index.php?rest_route=\/wp\/v2\/users\/1"}],"replies":[{"embeddable":true,"href":"https:\/\/www.rosabianca.org\/index.php?rest_route=%2Fwp%2Fv2%2Fcomments&post=2123"}],"version-history":[{"count":6,"href":"https:\/\/www.rosabianca.org\/index.php?rest_route=\/wp\/v2\/pages\/2123\/revisions"}],"predecessor-version":[{"id":2148,"href":"https:\/\/www.rosabianca.org\/index.php?rest_route=\/wp\/v2\/pages\/2123\/revisions\/2148"}],"wp:attachment":[{"href":"https:\/\/www.rosabianca.org\/index.php?rest_route=%2Fwp%2Fv2%2Fmedia&parent=2123"}],"curies":[{"name":"wp","href":"https:\/\/api.w.org\/{rel}","templated":true}]}}