{"id":2129,"date":"2018-09-16T08:02:48","date_gmt":"2018-09-16T08:02:48","guid":{"rendered":"http:\/\/www.rosabianca.org\/?page_id=2129"},"modified":"2018-09-16T08:07:16","modified_gmt":"2018-09-16T08:07:16","slug":"secondo-volantino-easy-to-read","status":"publish","type":"page","link":"https:\/\/www.rosabianca.org\/?page_id=2129","title":{"rendered":"Secondo volantino &#8211; Easy to read"},"content":{"rendered":"<p><em>Spiegazione dei termini:<\/em><br \/>\n<em>NAZIONALSOCIALISMO = sono idee di destra estrema, \u00e8 il nazismo.<\/em><br \/>\n<em>Queste idee sono a favore del razzismo; obbligare tutti a pensare allo stesso modo, anche usando la violenza. Non si vuole nessuna diversit\u00e0.<\/em><\/p>\n<p>Non si pu\u00f2 parlare con i nazisti,<br \/>\nsono persone che credono di essere migliori di tutti gli altri.<\/p>\n<p>I nazisti non sono capaci di capire cos\u2019\u00e8 il bene e cos\u2019\u00e8 il male,<br \/>\nper questo parlare con loro \u00e8 impossibile.<br \/>\nHitler e i suoi capi hanno raccontato bugie al popolo<br \/>\nper tanto tempo,<br \/>\nlo hanno fatto per avere pi\u00f9 potere.<\/p>\n<p>Non dobbiamo avere paura di combattere<br \/>\nun governo che dice bugie alla sua gente,<br \/>\ndobbiamo avere coraggio.<\/p>\n<p>Ricordiamoci cosa \u00e8 successo agli ebrei.<br \/>\nIn Polonia sono stati uccisi tantissimi ebrei,<br \/>\nsono stati uccisi in modo terribile.<br \/>\nQuello che \u00e8 successo l\u00ec \u00e8 un assassinio contro l\u2019umanit\u00e0,<br \/>\nqualcosa di tremendo nella storia dell\u2019umanit\u00e0.<br \/>\nTanti giovani dai 15 anni in su sono stati portati nei campi di concentramento.<\/p>\n<p>Perch\u00e9 i tedeschi stanno zitti davanti a tutto questo?<br \/>\nSe i tedeschi fanno finta di non vedere,<br \/>\ni nazisti assassini continuano ad essere feroci<br \/>\ncontro gli ebrei.<\/p>\n<p>Quello che \u00e8 successo \u00e8 terribile e noi non siamo d\u2019accordo.<br \/>\nI tedeschi devono provare dolore mettendosi nei panni<br \/>\ndi chi subisce ingiustizie.<br \/>\nDevono anche sentirsi responsabili di quello che succede: guerra e morte.<\/p>\n<p>La colpa \u00e8 di chi sostiene i nazisti e li fa governare.<br \/>\nLa colpa \u00e8 di chi guarda e non fa niente per cambiare le cose.<\/p>\n<p>Adesso non si pu\u00f2 pi\u00f9 aspettare perch\u00e9 ormai abbiamo visto<br \/>\nquello che i nazisti hanno fatto,<br \/>\nquello che stanno facendo,<br \/>\ne quali sono i loro progetti futuri.<\/p>\n<p>I tedeschi non possono pi\u00f9 far finta di niente<br \/>\nE devono svegliare la loro coscienza.<\/p>\n<p>(secondo volantino della Rosa Bianca ritrascritto in modalit\u00e0 <em>easy to read<\/em> da ragazzi e ragazze dello SFA FOBAP di Brescia)<\/p>\n","protected":false},"excerpt":{"rendered":"<p>Spiegazione dei termini: NAZIONALSOCIALISMO = sono idee di destra estrema, \u00e8 il nazismo. Queste idee sono a favore del razzismo; obbligare tutti a pensare allo stesso modo, anche usando la violenza. Non si vuole nessuna diversit\u00e0. Non si pu\u00f2 parlare con i nazisti, sono persone che credono di essere migliori di tutti gli altri. I &hellip; <a href=\"https:\/\/www.rosabianca.org\/?page_id=2129\" class=\"more-link\">Continua la lettura di <span class=\"screen-reader-text\">Secondo volantino &#8211; Easy to read<\/span> <span class=\"meta-nav\">&rarr;<\/span><\/a><\/p>\n","protected":false},"author":1,"featured_media":0,"parent":0,"menu_order":0,"comment_status":"closed","ping_status":"closed","template":"","meta":{"footnotes":""},"class_list":["post-2129","page","type-page","status-publish","hentry"],"publishpress_future_action":{"enabled":false,"date":"2026-04-28 12:50:29","action":"change-status","newStatus":"draft","terms":[],"taxonomy":"","extraData":[]},"publishpress_future_workflow_manual_trigger":{"enabledWorkflows":[]},"_links":{"self":[{"href":"https:\/\/www.rosabianca.org\/index.php?rest_route=\/wp\/v2\/pages\/2129","targetHints":{"allow":["GET"]}}],"collection":[{"href":"https:\/\/www.rosabianca.org\/index.php?rest_route=\/wp\/v2\/pages"}],"about":[{"href":"https:\/\/www.rosabianca.org\/index.php?rest_route=\/wp\/v2\/types\/page"}],"author":[{"embeddable":true,"href":"https:\/\/www.rosabianca.org\/index.php?rest_route=\/wp\/v2\/users\/1"}],"replies":[{"embeddable":true,"href":"https:\/\/www.rosabianca.org\/index.php?rest_route=%2Fwp%2Fv2%2Fcomments&post=2129"}],"version-history":[{"count":2,"href":"https:\/\/www.rosabianca.org\/index.php?rest_route=\/wp\/v2\/pages\/2129\/revisions"}],"predecessor-version":[{"id":2133,"href":"https:\/\/www.rosabianca.org\/index.php?rest_route=\/wp\/v2\/pages\/2129\/revisions\/2133"}],"wp:attachment":[{"href":"https:\/\/www.rosabianca.org\/index.php?rest_route=%2Fwp%2Fv2%2Fmedia&parent=2129"}],"curies":[{"name":"wp","href":"https:\/\/api.w.org\/{rel}","templated":true}]}}