{"id":2134,"date":"2018-09-16T08:10:39","date_gmt":"2018-09-16T08:10:39","guid":{"rendered":"http:\/\/www.rosabianca.org\/?page_id=2134"},"modified":"2018-09-16T08:10:39","modified_gmt":"2018-09-16T08:10:39","slug":"quarto-volantino-easy-to-read","status":"publish","type":"page","link":"https:\/\/www.rosabianca.org\/?page_id=2134","title":{"rendered":"Quarto volantino &#8211; Easy to read"},"content":{"rendered":"<p>Lo sanno anche i bambini che quando fai un errore le cose vanno male. Si pagano le conseguenze.<br \/>\nSe un bambino si brucia col fuoco una volta, poi non lo fa pi\u00f9.<br \/>\nAnche se Hitler ha avuto dei successi con le guerre in Africa e Russia dobbiamo ricordarci che \u00e8 una cosa brutta. Dobbiamo ricordarci che \u00e8 un cattivo capo.<br \/>\nQuando finisce una guerra anche se la guerra viene vinta ci sono troppi morti.<br \/>\nOgni parola di Hitler \u00e8 una bugia.<br \/>\nHitler fa credere alle persone che lui porta il bene e la pace in tutto il mondo<br \/>\nNon \u00e8 vero.<br \/>\nHitler vuole la guerra.<br \/>\nFa fare a tutti quello che vuole lui.<br \/>\nHitler \u00e8 bravo a far credere a tutti che dice cose belle e giuste.<br \/>\nHitler \u00e8 capace a convincere gli altri a seguirlo e a credere in quello che vuole lui dice e pensa.<br \/>\nHitler \u00e8 il male anche se dice di essere vicino a Dio o usa il suo nome per fare il male<br \/>\nIl male \u00e8 dappertutto quando c\u2019\u00e8 la guerra.<br \/>\nC\u2019\u00e8 il male quando non c\u2019\u00e8 pi\u00f9 libert\u00e0.<br \/>\nPer\u00f2 quando sembra vincere il male, nascono persone che ricordano a tutti che nasciamo liberi.<br \/>\nNoi pensiamo che per essere liberi davvero abbiamo bisogno di Dio<br \/>\ne chiediamo proprio ai cristiani cosa stiano aspettando per ribellarsi.<br \/>\nBisogna ribellarci al male,<br \/>\ne il male \u00e8 Hitler.<\/p>\n<p>Gli Stati dell\u2019Europa devono difendere i diritti dei popoli con i valori del Cristianesimo.<br \/>\nNon devono fare l\u2019Europa con la guerra.<\/p>\n<p>La Rosa Bianca \u00e8 un gruppo di persone libere, non sono schiave di nessuno che ha potere.<br \/>\nIl nazismo deve essere sconfitto con i militari,<br \/>\nma noi chiediamo di cambiare modo di pensare,<br \/>\ncapire che noi tedeschi abbiamo delle colpe perch\u00e9 non siamo andati contro Hitler.<\/p>\n<p>Dobbiamo farlo per quelli che vengono dopo di noi.<br \/>\nNon dobbiamo dimenticare i colpevoli di tutto questo<br \/>\nNon dobbiamo dimenticare i loro nomi<br \/>\nNon dobbiamo permettere che cambino idea<br \/>\ndopo tutte le loro colpe.<\/p>\n<p>Non preoccupatevi: i nomi di chi legge questi volantini<br \/>\nNon vengono conosciuti dai nazisti.<\/p>\n<p>Noi non staremo zitti<br \/>\nNoi siamo la voce della vostra cattiva coscienza che non si ribella a Hitler<\/p>\n<p>La Rosa Bianca non vi dar\u00e0 pace.<\/p>\n<p>Si prega di ricopiare e diffondere in giro<\/p>\n<p>(quarto volantino della Rosa Bianca ritrascritto in modalit\u00e0 <em>easy to read<\/em> da ragazzi e ragazze dello SFA FOBAP di Brescia)<\/p>\n","protected":false},"excerpt":{"rendered":"<p>Lo sanno anche i bambini che quando fai un errore le cose vanno male. Si pagano le conseguenze. Se un bambino si brucia col fuoco una volta, poi non lo fa pi\u00f9. Anche se Hitler ha avuto dei successi con le guerre in Africa e Russia dobbiamo ricordarci che \u00e8 una cosa brutta. Dobbiamo ricordarci &hellip; <a href=\"https:\/\/www.rosabianca.org\/?page_id=2134\" class=\"more-link\">Continua la lettura di <span class=\"screen-reader-text\">Quarto volantino &#8211; Easy to read<\/span> <span class=\"meta-nav\">&rarr;<\/span><\/a><\/p>\n","protected":false},"author":1,"featured_media":0,"parent":0,"menu_order":0,"comment_status":"closed","ping_status":"closed","template":"","meta":{"footnotes":""},"class_list":["post-2134","page","type-page","status-publish","hentry"],"publishpress_future_action":{"enabled":false,"date":"2026-04-28 12:51:40","action":"change-status","newStatus":"draft","terms":[],"taxonomy":"","extraData":[]},"publishpress_future_workflow_manual_trigger":{"enabledWorkflows":[]},"_links":{"self":[{"href":"https:\/\/www.rosabianca.org\/index.php?rest_route=\/wp\/v2\/pages\/2134","targetHints":{"allow":["GET"]}}],"collection":[{"href":"https:\/\/www.rosabianca.org\/index.php?rest_route=\/wp\/v2\/pages"}],"about":[{"href":"https:\/\/www.rosabianca.org\/index.php?rest_route=\/wp\/v2\/types\/page"}],"author":[{"embeddable":true,"href":"https:\/\/www.rosabianca.org\/index.php?rest_route=\/wp\/v2\/users\/1"}],"replies":[{"embeddable":true,"href":"https:\/\/www.rosabianca.org\/index.php?rest_route=%2Fwp%2Fv2%2Fcomments&post=2134"}],"version-history":[{"count":1,"href":"https:\/\/www.rosabianca.org\/index.php?rest_route=\/wp\/v2\/pages\/2134\/revisions"}],"predecessor-version":[{"id":2137,"href":"https:\/\/www.rosabianca.org\/index.php?rest_route=\/wp\/v2\/pages\/2134\/revisions\/2137"}],"wp:attachment":[{"href":"https:\/\/www.rosabianca.org\/index.php?rest_route=%2Fwp%2Fv2%2Fmedia&parent=2134"}],"curies":[{"name":"wp","href":"https:\/\/api.w.org\/{rel}","templated":true}]}}