{"id":2136,"date":"2018-09-16T08:15:56","date_gmt":"2018-09-16T08:15:56","guid":{"rendered":"http:\/\/www.rosabianca.org\/?page_id=2136"},"modified":"2018-09-16T08:15:56","modified_gmt":"2018-09-16T08:15:56","slug":"sesto-volantino-easy-to-read","status":"publish","type":"page","link":"https:\/\/www.rosabianca.org\/?page_id=2136","title":{"rendered":"Sesto volantino &#8211; Easy to read"},"content":{"rendered":"<p>In Russia durante una battaglia tantissimi giovani tedeschi sono morti.<br \/>\nHitler pensa di essere un genio per\u00f2 ha fatto uccidere tantissimi giovani tedeschi in guerra.<br \/>\nDobbiamo ringraziarlo per tutte queste morti? Noi non crediamo di doverlo ringraziare.<br \/>\nLa Germania rivuole la propria libert\u00e0. La libert\u00e0 che il regime nazista le ha tolto.<br \/>\nI nazisti vogliono farci pensare tutti nello stesso modo.<br \/>\nQuando siamo giovani si formano le nostre idee.<br \/>\nPer questo fin da giovani hanno voluto dirci cosa pensare, cosa \u00e8 giusto e sbagliato.<br \/>\nL\u2019 \u201ceducazione\u201d nazista ha limitato il pensiero delle persone.<\/p>\n<p>I capi scelti dai tedeschi sono limitati e senza cuore,<br \/>\nsono delle persone che vogliono mettere nella testa dei giovani idee tutte uguali,<br \/>\nidee violente, che fanno diventare come assassini, che fanno diventare tutti obbedienti<br \/>\nsenza ribellarsi mai alle cose sbagliate.<\/p>\n<p>I capi tedeschi cercano i giovani per farli diventare come loro,<br \/>\ncio\u00e8 persone stupide e che non pensano, come tutti i nazisti.<\/p>\n<p>Adesso \u00e8 il momento di ribellarsi,<br \/>\ndobbiamo ringraziare chi sta gi\u00e0 lottando per la libert\u00e0.<\/p>\n<p>Dobbiamo dire solo una cosa: lottare contro il nazismo<br \/>\ne contro chi vuole farci fare silenzio.<br \/>\nnon ci fa paura nessuna minaccia,<br \/>\nnon ci fa paura nemmeno se chiudono le universit\u00e0.<\/p>\n<p>Non abbiamo pura perch\u00e9 si tratta della nostra vita<br \/>\ne del nostro futuro come persone libere.<\/p>\n<p>Dobbiamo scegliere la libert\u00e0 e la dignit\u00e0.<br \/>\nPer 10 anni Hitler e chi lo segue<br \/>\nhanno usato queste due magnifiche parole \u2013 LIBERTA\u2019 e DIGNITA\u2019 \u2013<br \/>\nma non hanno fatto niente,<br \/>\nHitler ha usato queste due parole come uno che non \u00e8 capace di fare politica,<br \/>\nha tolto il valore di queste parole.<\/p>\n<p>Il nazismo ha distrutto tutto ci\u00f2 che riguarda la vita di ogni giorno<br \/>\nE ha distrutto le anime delle persone.<\/p>\n<p>Dopo tanti morti a causa dei nazisti<br \/>\ne dopo tanti morti in tutta Europa,<br \/>\nanche il tedesco pi\u00f9 stupido ha capito.<\/p>\n<p>Se noi non ci ribelliamo<br \/>\nfacciamo vergognare tutta la Germania.<br \/>\nSe non vinciamo contro Hitler,<br \/>\nnon ci sar\u00e0 una Europa libera.<\/p>\n<p>Studenti, vinciamo il terrore nazista con la forza della nostra volont\u00e0.<br \/>\nDobbiamo farlo anche per tutti quelli che sono morti in Russia.<\/p>\n<p>Il popolo tedesco non deve seguire Hitler,<br \/>\nneanche l\u2019 Europa,<br \/>\nperch\u00e9 crediamo nella libert\u00e0 e alla dignit\u00e0.<\/p>\n<p>(sesto volantino della Rosa Bianca ritrascritto in modalit\u00e0 <em>easy to read<\/em> da ragazzi e ragazze dello SFA FOBAP di Brescia)<\/p>\n","protected":false},"excerpt":{"rendered":"<p>In Russia durante una battaglia tantissimi giovani tedeschi sono morti. Hitler pensa di essere un genio per\u00f2 ha fatto uccidere tantissimi giovani tedeschi in guerra. Dobbiamo ringraziarlo per tutte queste morti? Noi non crediamo di doverlo ringraziare. La Germania rivuole la propria libert\u00e0. La libert\u00e0 che il regime nazista le ha tolto. I nazisti vogliono &hellip; <a href=\"https:\/\/www.rosabianca.org\/?page_id=2136\" class=\"more-link\">Continua la lettura di <span class=\"screen-reader-text\">Sesto volantino &#8211; Easy to read<\/span> <span class=\"meta-nav\">&rarr;<\/span><\/a><\/p>\n","protected":false},"author":1,"featured_media":0,"parent":0,"menu_order":0,"comment_status":"closed","ping_status":"closed","template":"","meta":{"footnotes":""},"class_list":["post-2136","page","type-page","status-publish","hentry"],"publishpress_future_action":{"enabled":false,"date":"2026-04-28 12:59:10","action":"change-status","newStatus":"draft","terms":[],"taxonomy":"","extraData":[]},"publishpress_future_workflow_manual_trigger":{"enabledWorkflows":[]},"_links":{"self":[{"href":"https:\/\/www.rosabianca.org\/index.php?rest_route=\/wp\/v2\/pages\/2136","targetHints":{"allow":["GET"]}}],"collection":[{"href":"https:\/\/www.rosabianca.org\/index.php?rest_route=\/wp\/v2\/pages"}],"about":[{"href":"https:\/\/www.rosabianca.org\/index.php?rest_route=\/wp\/v2\/types\/page"}],"author":[{"embeddable":true,"href":"https:\/\/www.rosabianca.org\/index.php?rest_route=\/wp\/v2\/users\/1"}],"replies":[{"embeddable":true,"href":"https:\/\/www.rosabianca.org\/index.php?rest_route=%2Fwp%2Fv2%2Fcomments&post=2136"}],"version-history":[{"count":1,"href":"https:\/\/www.rosabianca.org\/index.php?rest_route=\/wp\/v2\/pages\/2136\/revisions"}],"predecessor-version":[{"id":2139,"href":"https:\/\/www.rosabianca.org\/index.php?rest_route=\/wp\/v2\/pages\/2136\/revisions\/2139"}],"wp:attachment":[{"href":"https:\/\/www.rosabianca.org\/index.php?rest_route=%2Fwp%2Fv2%2Fmedia&parent=2136"}],"curies":[{"name":"wp","href":"https:\/\/api.w.org\/{rel}","templated":true}]}}