{"id":2146,"date":"2018-09-16T20:28:21","date_gmt":"2018-09-16T20:28:21","guid":{"rendered":"http:\/\/www.rosabianca.org\/?page_id=2146"},"modified":"2018-09-16T20:28:21","modified_gmt":"2018-09-16T20:28:21","slug":"associazione-rosa-bianca-formato-easy-to-read","status":"publish","type":"page","link":"https:\/\/www.rosabianca.org\/?page_id=2146","title":{"rendered":"Associazione Rosa Bianca &#8211; formato easy to read"},"content":{"rendered":"<p><strong>LO <\/strong><strong>STATUTO della <\/strong><strong>ROSA\u00a0 BIANCA\u00a0 &#8211; formato <a href=\"https:\/\/www.rosabianca.org\/?page_id=2123\">easy to read<\/a><br \/>\n<\/strong><\/p>\n<p>La Rosa Bianca \u00e8 un gruppo di persone cattoliche che credono sia importante pensare in modo aperto e credono nel valore della persona libera.<\/p>\n<p>Questo gruppo vuole insegnare a prendersi cura del benessere dei cittadini, per difendere la loro libert\u00e0 di pensiero, attraverso il confronto delle idee diverse.<\/p>\n<p>La Rosa Bianca prende il nome e l\u2019esempio da un gruppo di studenti che erano contro il pensiero nazista e hanno detto le loro opinioni senza violenza, senza mai fare del male.<\/p>\n<p>Hanno creduto molto in quello che stavano facendo e ci hanno rimesso la vita.<\/p>\n<p>Ancora oggi dopo tanto tempo, le parole e il pensiero politico che hanno detto questi ragazzi, che lo hanno detto senza violenza, con coraggio e rischiando la loro vita, colpisce molti giovani di tutta Europa.<\/p>\n<p>In Italia il nome della Rosa Bianca si \u00e8 diffuso grazie alla lettura dei libri che parlano della vita dei fratelli Scholl, che sono i giovani tedeschi che sono morti perch\u00e9 si sono ribellati al nazismo.<\/p>\n<p>Poi anche per i racconti di chi \u00e8 stato portato nei campi di concentramento o di chi \u00e8 stato ucciso perch\u00e9 era contro il nazismo.<\/p>\n<p>Nel 1979 Paolo Giuntella fonda la Rosa Bianca italiana in ricordo di suo pap\u00e0. Il suo pap\u00e0 che si chiamava Vittorio Emanuele era stato portato nei campi di sterminio, ma si era salvato. Cos\u00ec per tutta la vita aveva sempre parlato di quella terribile esperienza. Allora Paolo Giuntella gli ha dedicato l\u2019associazione della Rosa Bianca.<\/p>\n<p>La cosa pi\u00f9 importante di Rosa Bianca \u00e8 che \u00e8 fatta da persone che vogliono vivere in modo giusto in una societ\u00e0. Per spiegare come si fa, hanno scritto 3 regole, come se fossero dei comandamenti:<\/p>\n<ul>\n<li>Non dare valore al potere (cio\u00e8 essere poveri e liberi)<\/li>\n<li>Non pensare solo a se stessi (cio\u00e8 mettere gli altri prima di tutto)<\/li>\n<li>Ascoltare le persone che hanno pi\u00f9 bisogni (cio\u00e8 obbedire a chi non \u00e8 considerato dagli altri)<\/li>\n<\/ul>\n<p>La Rosa Bianca organizza una scuola di formazione politica, cio\u00e8 incontri con persone importanti del nostro tempo: politici, religiosi, studiosi dei problemi sociali, oppure persone che sono diventate un esempio da seguire perch\u00e9 hanno fatto delle cose belle per gli altri.<\/p>\n<p>(<em>testo realizzato dai giovani del Servizio di Formazione all\u2019Autonomia di Brescia hanno costruito un percorso di formazione politica e di educazione alla cittadinanza ritrascrivendo in linguaggio Easy to Read i volantini della Rosa Bianca<\/em>).<\/p>\n","protected":false},"excerpt":{"rendered":"<p>LO STATUTO della ROSA\u00a0 BIANCA\u00a0 &#8211; formato easy to read La Rosa Bianca \u00e8 un gruppo di persone cattoliche che credono sia importante pensare in modo aperto e credono nel valore della persona libera. Questo gruppo vuole insegnare a prendersi cura del benessere dei cittadini, per difendere la loro libert\u00e0 di pensiero, attraverso il confronto &hellip; <a href=\"https:\/\/www.rosabianca.org\/?page_id=2146\" class=\"more-link\">Continua la lettura di <span class=\"screen-reader-text\">Associazione Rosa Bianca &#8211; formato easy to read<\/span> <span class=\"meta-nav\">&rarr;<\/span><\/a><\/p>\n","protected":false},"author":1,"featured_media":0,"parent":0,"menu_order":0,"comment_status":"closed","ping_status":"closed","template":"","meta":{"footnotes":""},"class_list":["post-2146","page","type-page","status-publish","hentry"],"publishpress_future_action":{"enabled":false,"date":"2026-04-22 14:37:08","action":"change-status","newStatus":"draft","terms":[],"taxonomy":""},"publishpress_future_workflow_manual_trigger":{"enabledWorkflows":[]},"_links":{"self":[{"href":"https:\/\/www.rosabianca.org\/index.php?rest_route=\/wp\/v2\/pages\/2146","targetHints":{"allow":["GET"]}}],"collection":[{"href":"https:\/\/www.rosabianca.org\/index.php?rest_route=\/wp\/v2\/pages"}],"about":[{"href":"https:\/\/www.rosabianca.org\/index.php?rest_route=\/wp\/v2\/types\/page"}],"author":[{"embeddable":true,"href":"https:\/\/www.rosabianca.org\/index.php?rest_route=\/wp\/v2\/users\/1"}],"replies":[{"embeddable":true,"href":"https:\/\/www.rosabianca.org\/index.php?rest_route=%2Fwp%2Fv2%2Fcomments&post=2146"}],"version-history":[{"count":1,"href":"https:\/\/www.rosabianca.org\/index.php?rest_route=\/wp\/v2\/pages\/2146\/revisions"}],"predecessor-version":[{"id":2147,"href":"https:\/\/www.rosabianca.org\/index.php?rest_route=\/wp\/v2\/pages\/2146\/revisions\/2147"}],"wp:attachment":[{"href":"https:\/\/www.rosabianca.org\/index.php?rest_route=%2Fwp%2Fv2%2Fmedia&parent=2146"}],"curies":[{"name":"wp","href":"https:\/\/api.w.org\/{rel}","templated":true}]}}