{"id":2252,"date":"2018-12-06T18:27:42","date_gmt":"2018-12-06T18:27:42","guid":{"rendered":"http:\/\/www.rosabianca.org\/?page_id=2252"},"modified":"2023-04-18T18:50:28","modified_gmt":"2023-04-18T18:50:28","slug":"statuto","status":"publish","type":"page","link":"https:\/\/www.rosabianca.org\/?page_id=2252","title":{"rendered":"Statuto"},"content":{"rendered":"<p><em>come modificato dall\u2019Assemblea dei Soci del 25 aprile 2022<\/em><\/p>\n<p><strong>I \u2013 DENOMINAZIONE, SEDE, SCOPI, DURATA<\/strong><\/p>\n<p>Art. 1 \u2013 Denominazione e sede<\/p>\n<p>E\u2019 costituita l\u2019associazione denominata \u201cLA ROSA BIANCA\u201d.<br \/>\nL\u2019associazione ha sede legale in Milano, Via Rubens 25. Un\u2019eventuale modifica della sede non costituisce modifica dello statuto.<br \/>\nIl domicilio legale degli associati per ogni rapporto con l\u2019associazione \u00e8 la sede sociale.<br \/>\nLa sede sociale potr\u00e0 essere trasferita su decisione dell\u2019Assemblea dei Soci a maggioranza semplice.<\/p>\n<p>Art. 2 \u2013 Durata<\/p>\n<p>L\u2019associazione ha durata illimitata e potr\u00e0 essere sciolta con deliberazione dell\u2019Assemblea dei Soci ai sensi dell\u2019articolo 17 del presente Statuto.<\/p>\n<p>Art. 3 \u2013 Scopi dell\u2019associazione<\/p>\n<p>L\u2019associazione riunisce uomini e donne che credono nel dialogo tra identit\u00e0 e culture diverse, alla ricerca di un ethos condiviso e di una politica delle persone e delle comunit\u00e0.<br \/>\nL\u2019associazione non ha scopo di lucro ed opera senza discriminazione di nazionalit\u00e0, di carattere politico o religioso. Le attivit\u00e0 dell\u2019associazione e le sue finalit\u00e0 sono ispirate a principi di pari opportunit\u00e0 tra uomini e donne e rispettose dei diritti inviolabili della persona.<br \/>\nL\u2019associazione persegue finalit\u00e0 di formazione e promozione culturale, sociale e di educazione alla cittadinanza, alla democrazia ed alla cultura civile e politica, anche attraverso l\u2019organizzazione di incontri, seminari, dibattiti, manifestazioni, convegni, scuole a carattere interno locale, nazionale ed internazionale, avvalendosi di ogni strumento di comunicazione atto a garantirne l\u2019efficacia; nonch\u00e9 attraverso la costituzione di reti, con altri soggetti locali, nazionali ed internazionali aventi finalit\u00e0 similari, in particolare con la Weisse Rose Stiftung di Monaco di Baviera.<br \/>\nL\u2019associazione si propone di promuovere la diffusione di atteggiamenti pacificatori, compreso, internamente, lo stile originario di sororit\u00e0, fraternit\u00e0 e dialogo anche come espressione di cura e attenzione nelle relazioni; si propone, altres\u00ec, di curare la sensibilizzazione all\u2019 attenzione nei confronti degli ultimi come promozione dell\u2019eguaglianza e della parit\u00e0 in senso lato, nonch\u00e9 la valorizzazione del patrimonio di conoscenza, documentazione e relazione acquisiti nel corso degli anni di attivit\u00e0 dell&#8217;associazione, anche attraverso la sistematizzazione ed informatizzazione di un archivio.<br \/>\nPertanto si propone di svolgere attivit\u00e0 connesse al raggiungimento dei suddetti scopi, quali a titolo esemplificativo e non esaustivo:<br \/>\na) organizzare scuole, convegni, seminari, manifestazioni, dibattiti ed incontri, anche internazionali;<br \/>\nb) elaborare e diffondere pubblicazioni, testi, progetti e materiale informativo in relazione alle tematiche trattate;<br \/>\nc) esercitare in via del tutto marginale e senza fini di lucro attivit\u00e0 di natura commerciale per autofinanziamento, osservando tutte le normative di natura fiscale ed amministrativa vigenti;<br \/>\nd) svolgere quant\u2019altro necessario al perseguimento del fine associativo, come ad esempio accedere a finanziamenti pubblici e privati, fornendo tutte le garanzie richieste.<\/p>\n<p><strong>II \u2013 I SOCI<\/strong><\/p>\n<p>Art. 4 \u2013 Adesione dei Soci<\/p>\n<p>L\u2019adesione dei Soci \u00e9 aperta a tutte le persone fisiche che vogliono condividerne gli scopi e desiderano impegnarsi a dedicare una parte del loro tempo al loro raggiungimento.<br \/>\nIn base alle disposizioni del testo unico di cui al decreto Lgs 30 giugno 2002, n. 196 tutti i dati personali raccolti saranno soggetti alla riservatezza ed impiegati per le sole finalit\u00e0 dell\u2019Associazione previo assenso scritto del socio.<br \/>\nAll\u2019atto dell\u2019ammissione il socio si impegna al versamento della quota annuale di adesione.<br \/>\nSono previste le seguenti categorie di Soci:<br \/>\na) Soci Ordinari<br \/>\nb) Soci Sostenitori<br \/>\nc) Soci Onorari<br \/>\nSono Soci Ordinari tutti coloro che si riconoscono nei fini dell\u2019Associazione e che sono disposti ad operare attivamente per il raggiungimento degli scopi dell\u2019Associazione.<br \/>\nI Soci Sostenitori sono equiparati ai Soci Ordinari e la sola distinzione \u00e8 data dalla quota associativa, che viene corrisposta in misura adeguatamente superiore a quella dei Soci Ordinari.<br \/>\nSono Soci Onorari quelle persone che hanno reso o rendono servizi all\u2019Associazione o che, per ragioni connesse alla loro professionalit\u00e0 o al loro prestigio, l\u2019Associazione sia onorata di annoverare tra i propri Soci. I Soci Onorari non sono tenuti al pagamento di alcuna quota e sono nominati dall\u2019Assemblea Ordinaria su proposta del Presidente.<br \/>\nPossono associarsi come Soci Sostenitori anche soggetti che non siano persone fisiche.<br \/>\nAi fini dell\u2019adesione all\u2019Associazione, chiunque ne abbia interesse presenta domanda per iscritto al Consiglio direttivo, che \u00e8 l\u2019organo deputato a decidere sull\u2019ammissione, secondo il regolamento di cui all\u2019articolo 5 dallo stesso definito e approvato dall\u2019Assemblea. In tale domanda deve essere anche precisato che il richiedente si impegna ad accettare le norme dello Statuto sociale e dei regolamenti interni, ad osservare le disposi-zioni che saranno emanate dal Consiglio direttivo e dall\u2019Assemblea e a partecipare alla vita associativa.<br \/>\nTutti i Soci svolgono la loro attivit\u00e0 a titolo gratuito, fatto salvo l\u2019eventuale rimborso delle spese sostenute, previa presentazione della relativa documentazione.<\/p>\n<p>Art. 5 \u2013 Diritti dei Soci<\/p>\n<p>I Soci Ordinari ed equiparati hanno diritto di partecipazione e voto in Assemblee ed hanno i diritti di informazione e di controllo stabiliti dalle leggi e dal presente Statuto.<br \/>\nTutti i Soci hanno diritto di accesso ai documenti, delibere, bilanci, rendiconti e registri dell\u2019Associazione.<br \/>\nL\u2019esercizio dei diritti sociali spetta agli associati fin dal momento della loro iscrizione nel libro degli associati, sempre che essi siano in regola con l\u2019eventuale versamento della quota associativa, fatta eccezione per il diritto di voto in Assemblea che \u00e8 disciplinato dalle regole che saranno definite dal Consiglio direttivo e sottoposte all\u2019Assemblea per l\u2019approvazione. In prima applicazione ha diritto di voto chi risulti iscritto all\u2019Associazione e in regola con il versamento della quota associativa almeno 20 giorni prima della data fissata per l\u2019Assemblea.<\/p>\n<p>Art. 6 \u2013 Doveri dei Soci<\/p>\n<p>Il comportamento dei Soci verso gli altri aderenti ed all\u2019esterno dell\u2019Associazione deve essere animato da spirito di solidariet\u00e0 ed attuato con correttezza, buona fede, onest\u00e0, probit\u00e0 e spirito di collaborazione, nel rispetto del presente Statuto e dei fini dell\u2019Associazione.<br \/>\nDi conseguenza, considerato che il tempo \u00e8 una risorsa scarsa, i soci si impegnano ad operare nel rispetto del tempi di vita di ciascuno ai fini di assicurare una reciproca e solidale collaborazione.<\/p>\n<p>Art. 7 \u2013 Recesso ed esclusione del Socio<\/p>\n<p>Il Socio pu\u00f2 recedere dall\u2019associazione in qualsiasi momento mediante comunicazione scritta da inviare al Segretario.<br \/>\nIl Socio pu\u00f2 essere escluso dall\u2019associazione in caso di inadempienza dei doveri previsti dall\u2019art. 6 o per altri gravi motivi che abbiano arrecato danno morale o materiale all\u2019Associazione. In ogni caso il mancato pagamento della quota associativa, se prevista, entro 120 giorni dall\u2019inizio dell\u2019esercizio sociale, comporta la decadenza dalla qualit\u00e0 di socio e da qualsiasi eventuale carica associativa.<br \/>\nL\u2019esclusione del socio \u00e8 pronunciata dal Consiglio direttivo e disposta dai Presidenti, sentito o su proposta del Garante.<br \/>\nDeve essere comunicata a mezzo lettera al medesimo, assieme alle motivazioni che hanno dato luogo all\u2019esclusione.<br \/>\nIn tutti i casi di interruzione del rapporto associativo non pu\u00f2 essere restituita la quota associativa e il Socio perde automaticamente tutti i diritti, doveri, qualifiche e cariche sociali.<\/p>\n<p><strong>III \u2013 ORGANI SOCIALI<\/strong><\/p>\n<p>Art. 8 \u2013 Organi dell\u2019Associazione<\/p>\n<p>Gli organi dell\u2019associazione sono:<br \/>\n\u2013 l\u2019Assemblea dei Soci<br \/>\n\u2013 la Presidente e il Presidente<br \/>\n\u2013 il Consiglio direttivo<br \/>\n\u2013 la Garante o il Garante<br \/>\nTutte le cariche sociali sono assunte e assolte a totale titolo gratuito.<br \/>\nNel caso si rendesse necessario, l\u2019Assemblea provveder\u00e0 a nominare un revisore od un collegio di revisori dei conti e in generale qualsiasi altro organo che si rendesse necessario per obblighi di legge.<\/p>\n<p>Art. 9 \u2013 L\u2019Assemblea<\/p>\n<p>L\u2019Assemblea \u00e8 l\u2019organo deliberante dell\u2019Associazione ed hanno diritto a parteciparvi tutti i Soci.<br \/>\nL\u2019Assemblea \u00e8 convocata almeno una volta all\u2019anno dai Presidenti dell\u2019Associazione o da chi ne fa le veci, mediante avviso pubblicato sul sito web gestito dall\u2019Associazione o mediante e-mail indirizzata ai singoli Soci Ordinari ed equiparati, contenente il luogo, la data e l\u2019ora dell\u2019Assemblea con relativo Ordine del giorno, almeno 20 giorni prima dell\u2019Assemblea.<br \/>\nL\u2019Assemblea \u00e8 valida qualora siano presenti almeno 1\/3 (un terzo) dei soci ed \u00e8 presieduta da uno dei soci presenti.<br \/>\nL\u2019Assemblea, anche su proposta dei Presidenti in carica, approva il quadro progettuale e tematico relativo alla presidenza triennale in corso, indicando le priorit\u00e0 dell\u2019attivit\u00e0 annuale e proponendo eventuali specifiche iniziative, nei limiti dei supporti organizzativi ed economici disponibili.<br \/>\nElegge la Presidente e il Presidente, il Consiglio direttivo secondo quanto disposto dall\u2019articolo 10, nonch\u00e9 la Garante o il Garante, che pu\u00f2 sempre chiedere la convocazione dell\u2019Assemblea.<br \/>\nL\u2019Assemblea approva annualmente il bilancio consuntivo e preventivo nonch\u00e9 il rendiconto. Determina altres\u00ec l\u2019importo della quota sociale di adesione, su proposta dei Presidenti, sentito il tesoriere.<br \/>\nLe deliberazioni dell\u2019Assemblea sono riassunte in un verbale che viene redatto dal segretario pro-tempore dell\u2019Associazione. Il verbale viene sottoscritto dal Presidente pro-tempore dell\u2019Assemblea e dal Segretario pro-tempore e, trascritto su apposito registro, \u00e9 conservato a cura dei Presidenti nella sede dell\u2019associazione.<br \/>\nLe deliberazioni dell\u2019assemblea ordinaria vengono prese a maggioranza dei presenti, espresse con voto palese. Ogni socio ha diritto di esprimere un solo voto.<br \/>\nOgni socio ha diritto di consultare i verbali delle sedute e chiederne, a proprie spese, una copia.<br \/>\nL\u2019Assemblea pu\u00f2 approvare eventuali modifiche allo Statuto con la presenza di almeno la met\u00e0 dei soci e con decisione deliberata a maggioranza dei presenti.<\/p>\n<p>Art. 10 \u2013 Il Consiglio direttivo<\/p>\n<p>Il Consiglio direttivo \u00e8 composto dai Presidenti e da 5 membri, due dei quali sono nominati congiuntamente dalla Presidente e dal Presidente e tre sono eletti dall\u2019assemblea, con mandato di tre anni, rinnovabile.<br \/>\nIl Consiglio direttivo supporta e coadiuva i Presidenti nella realizzazione delle attivit\u00e0 associative e di tutti gli atti di ordinaria e straordinaria amministrazione nonch\u00e9 nella redazione e presentazione all\u2019Assemblea del rapporto annuale sulle attivit\u00e0 dell\u2019associazione. Il Consiglio direttivo sceglie al proprio interno una Segretaria o un Segretario con il compito di occuparsi della gestione dei libri sociali e di svolgere le mansioni de-legate dalla Presidente e dal Presidente e dal Consiglio direttivo stesso per assicurare il funzionamento dell\u2019Associazione nonch\u00e9 una o un Teso-riere quale responsabile dei fondi messi a disposizione per il funzionamento e le attivit\u00e0 dell\u2019Associazione e con il compito di redigere annualmente il bilancio e il rendiconto economico e finanziario dell\u2019Associazione.<\/p>\n<p>Art. 11 \u2013 La Presidenza<\/p>\n<p>La Presidenza \u00e8 composta da una Presidente e da un Presidente.<br \/>\nEssi sono eletti dall\u2019Assemblea con un mandato di tre anni, rinnovabile.<br \/>\nEssi hanno la legale rappresentanza dell\u2019Associazione, congiuntamente nonch\u00e9 disgiuntamente tra loro, e la rappresentano di fronte alle autorit\u00e0.<br \/>\nPresiedono il Consiglio direttivo e sono i portavoci ufficiali dell\u2019associazione.<br \/>\nI due Presidenti operano congiuntamente e disgiuntamente.<br \/>\nI Presidenti provvedono al perseguimento delle finalit\u00e0 dell\u2019Associazione e ne promuovono le finalit\u00e0 anche avvalendosi della diretta collabora-zione dei componenti del Consiglio direttivo o, per specifiche iniziative di altri soggetti, soci e non, di fiducia.<\/p>\n<p>Art. 12 &#8211; La Garante o il Garante<\/p>\n<p><span style=\"font-size: inherit;\">La Garante o il Garante ha il compito di esaminare tutte le controversie tra i Soci, tra questi e l\u2019organizzazione o i suoi organi, tra i membri degli organi e tra gli organi stessi. Ella o egli giudica ex bono et equo senza formalita\u0300 di procedure.<br \/>\nElla o egli agisce di propria iniziativa, su richiesta di uno degli Organi oppure su segnalazione anche di un solo Socio, fatta per iscritto e firmata. La Garante o il Garante riferisce annualmente all\u2019Assemblea dei soci con relazioni scritte e firmate e pu\u00f2 richiederne la convocazione, come previsto all\u2019articolo 9.<\/span><\/p>\n<p><span style=\"font-size: inherit;\">Art. 13 \u2013 I Gruppi locali<\/span><\/p>\n<p>I soci possono costituire, previo benestare del Consiglio direttivo, nel rispetto dello statuto e di ogni regola attuativa, nonch\u00e9 degli scopi e in armonia con il piano programmatico dell\u2019Associazione, gruppi o circoli locali aventi come finalit\u00e0 la promozione di iniziative locali sul territorio di appartenenza.<br \/>\nGli eventuali gruppi o circoli locali si impegnano a curare i collegamenti con l\u2019Associazione garantendo il raccordo necessario con gli organi nazionali. La Garante o il Garante, anche su impulso del Consiglio direttivo, svolge attivit\u00e0 di vigilanza sulla rispondenza alle finalit\u00e0 e regole dell\u2019Associazione.<\/p>\n<p><strong>IV &#8211; ENTRATE, PATRIMONIO SOCIALE E QUOTE<\/strong><\/p>\n<p>Art. 14 &#8211; Risorse dell&#8217;Associazione<\/p>\n<p>Le risorse economiche e finanziarie necessarie allo svolgimento dell\u2019attivit\u00e0 sociale derivano da:<br \/>\na) quote associative e contributi degli aderenti;<br \/>\nb) contributi di privati, di enti o istituzioni pubbliche finalizzati esclusivamente al sostegno di specifiche attivit\u00e0 o progetti;<br \/>\nc) donazioni e lasciti;<br \/>\nd) rimborsi derivanti da convenzioni, introiti derivanti dalle iniziative sociali e da attivit\u00e0 commerciali marginali.<\/p>\n<p>Art. 15 &#8211; Divieto di distribuzione utili<\/p>\n<p>Gli eventuali utili e avanzi di gestione o fondi e riserve di capitale dovranno essere utilizzati per il conseguimento degli scopi istituzionali e non potranno essere distribuiti, anche in modo indiretto, salvo che per obblighi di legge.<\/p>\n<p>Art. 16 &#8211; Quota associativa<\/p>\n<p>L\u2019entit\u00e0 della quota associativa \u00e8 stabilita annualmente dall\u2019Assemblea secondo le modalit\u00e0 stabilite all\u2019articolo 9, in relazione al programma di attivit\u00e0 previsto per l\u2019anno successivo.<br \/>\nLe quote associative sono raccolte dal Tesoriere dell\u2019Associazione, che rilascia quietanza per ogni Socio individuale o famigliare.<\/p>\n<p><strong>V- DISPOSIZIONI FINALI<\/strong><\/p>\n<p>Art. 17 &#8211; Scioglimento dell\u2019Associazione<\/p>\n<p>L&#8217;Associazione si pu\u00f2 sciogliere nei seguenti casi:<\/p>\n<p>&#8211; se il numero dei Soci Ordinari ed equiparati \u00e9 inferiore a dieci;<br \/>\n&#8211; su delibera dell&#8217;Assemblea con voto favorevole dei 2\/3 degli aventi diritto al voto.<\/p>\n<p>In caso di scioglimento per qualsiasi causa, l&#8217;Assemblea provvede a devolvere ad associazioni di volontariato o altre associazioni senza fini di lucro il patrimonio sociale<\/p>\n<p>Per tutto ci\u00f2 che non \u00e8 espressamente previsto si applicano le disposizioni contenute nel codice civile e nelle leggi vigenti in materia.<\/p>\n","protected":false},"excerpt":{"rendered":"<p>come modificato dall\u2019Assemblea dei Soci del 25 aprile 2022 I \u2013 DENOMINAZIONE, SEDE, SCOPI, DURATA Art. 1 \u2013 Denominazione e sede E\u2019 costituita l\u2019associazione denominata \u201cLA ROSA BIANCA\u201d. L\u2019associazione ha sede legale in Milano, Via Rubens 25. Un\u2019eventuale modifica della sede non costituisce modifica dello statuto. Il domicilio legale degli associati per ogni rapporto con &hellip; <a href=\"https:\/\/www.rosabianca.org\/?page_id=2252\" class=\"more-link\">Continua la lettura di <span class=\"screen-reader-text\">Statuto<\/span> <span class=\"meta-nav\">&rarr;<\/span><\/a><\/p>\n","protected":false},"author":1,"featured_media":0,"parent":0,"menu_order":0,"comment_status":"closed","ping_status":"closed","template":"","meta":{"footnotes":""},"class_list":["post-2252","page","type-page","status-publish","hentry"],"publishpress_future_action":{"enabled":false,"date":"2026-04-19 21:37:09","action":"change-status","newStatus":"draft","terms":[],"taxonomy":""},"publishpress_future_workflow_manual_trigger":{"enabledWorkflows":[]},"_links":{"self":[{"href":"https:\/\/www.rosabianca.org\/index.php?rest_route=\/wp\/v2\/pages\/2252","targetHints":{"allow":["GET"]}}],"collection":[{"href":"https:\/\/www.rosabianca.org\/index.php?rest_route=\/wp\/v2\/pages"}],"about":[{"href":"https:\/\/www.rosabianca.org\/index.php?rest_route=\/wp\/v2\/types\/page"}],"author":[{"embeddable":true,"href":"https:\/\/www.rosabianca.org\/index.php?rest_route=\/wp\/v2\/users\/1"}],"replies":[{"embeddable":true,"href":"https:\/\/www.rosabianca.org\/index.php?rest_route=%2Fwp%2Fv2%2Fcomments&post=2252"}],"version-history":[{"count":7,"href":"https:\/\/www.rosabianca.org\/index.php?rest_route=\/wp\/v2\/pages\/2252\/revisions"}],"predecessor-version":[{"id":4635,"href":"https:\/\/www.rosabianca.org\/index.php?rest_route=\/wp\/v2\/pages\/2252\/revisions\/4635"}],"wp:attachment":[{"href":"https:\/\/www.rosabianca.org\/index.php?rest_route=%2Fwp%2Fv2%2Fmedia&parent=2252"}],"curies":[{"name":"wp","href":"https:\/\/api.w.org\/{rel}","templated":true}]}}