{"id":2985,"date":"2020-04-04T10:26:03","date_gmt":"2020-04-04T10:26:03","guid":{"rendered":"http:\/\/www.rosabianca.org\/?page_id=2985"},"modified":"2020-04-11T18:39:02","modified_gmt":"2020-04-11T18:39:02","slug":"dietrich-bonhoeffer-75","status":"publish","type":"page","link":"https:\/\/www.rosabianca.org\/?page_id=2985","title":{"rendered":"Dietrich Bonhoeffer"},"content":{"rendered":"\n<p>( 4 febbraio 1906, Breslavia \u2013 9 aprile 1945, Flossenb\u00fcrg) <\/p>\n\n\n\n<div class=\"wp-block-image\"><figure class=\"alignright is-resized\"><img loading=\"lazy\" decoding=\"async\" src=\"https:\/\/www.rosabianca.org\/wp-content\/uploads\/immagine.png\" alt=\"\" class=\"wp-image-2982\" width=\"333\" height=\"222\" srcset=\"https:\/\/www.rosabianca.org\/wp-content\/uploads\/immagine.png 525w, https:\/\/www.rosabianca.org\/wp-content\/uploads\/immagine-300x200.png 300w\" sizes=\"auto, (max-width: 333px) 100vw, 333px\" \/><\/figure><\/div>\n\n\n\n<p> \u00abComprendete l&#8217;ora della tempesta e del naufragio, \u00e8 l&#8217;ora della inaudita prossimit\u00e0 di Dio, non della sua lontananza. L\u00e0 dove tutte le altre sicurezze si infrangono e crollano e tutti i puntelli che reggevano la nostra esistenza sono rovinati uno dopo altro, l\u00e0 dove abbiamo dovuto imparare a rinunciare, proprio l\u00e0 si realizza questa prossimit\u00e0 di Dio\u00bb (da <a rel=\"noreferrer noopener\" href=\"https:\/\/www.qumran2.net\/ritagli\/index.php?ritaglio=7814\" target=\"_blank\">Le tempeste della vita<\/a> di Dietrich Bonhoeffer)<\/p>\n\n\n\n<p><strong>I<\/strong>n occasione del 75\u00b0 del martirio si \u00e8 tenuto l&#8217;incontro &#8220;<a href=\"https:\/\/www.rosabianca.org\/wp-content\/uploads\/Dietrich-Bonhoeffer-9-aprile-2020.pdf\">Dietrich Bonhoeffer: resistenza e libert\u00e0, responsabilit\u00e0 per tempi inquieti<\/a>&#8221; con gli interventi di Fulvio Ferrario e Alberto Conci. <\/p>\n\n\n\n<p>La registrazione audio dell&#8217;incontro \u00e8 disponibile <a href=\"https:\/\/drive.google.com\/file\/d\/1DOgc3dgif5iZ8Q57y1WEntPpBKQLV6iD\/view?usp=sharing\">qui<\/a><\/p>\n\n\n\n<p>Vi proponiamo alcuni contributi di riflessione:<\/p>\n\n\n\n<p><a href=\"https:\/\/www.rosabianca.org\/wp-content\/uploads\/Dietrich_Bonhoeffer.pdf\">Dietrich Bonhoeffer<\/a> pubblicazione di Fulvio Ferrario (1999) <br><a href=\"http:\/\/notedipastoralegiovanile.it\/index.php?option=com_content&amp;view=article&amp;id=13250:dietrich-bonhoeffer-un-teologo-contro-hitler&amp;catid=462&amp;Itemid=1057\">Dietrich Bonhoeffer un teologo contro Hitler<\/a> di <em>Anselmo Palini<\/em> <br><a href=\"http:\/\/www.il-margine.it\/content\/download\/1138\/8696\/file\/M02-2006.pdf\">Dietrich Bonhoeffer il resistente<\/a>, atti del seminario della rivista Il Margine (2006) <\/p>\n\n\n\n<p>Alcune pubblicazioni:<\/p>\n\n\n\n<p><a href=\"https:\/\/www.claudiana.it\/scheda-libro\/autori-vari\/ultime-lettere-dalla-resistenza-9788870163698-275.html\">Ultime lettere dalla Resistenza<\/a>, a cura di E.-R. Bethge, Claudiana, (2001);<br><a href=\"http:\/\/www.carocci.it\/index.php?option=com_carocci&amp;task=schedalibro&amp;Itemid=72&amp;isbn=9788843071098\">Bonhoeffer<\/a>,  di Fulvio Ferrario, Carocci (2014).<br><a href=\"https:\/\/www.claudiana.it\/scheda-libro\/fulvio-ferrario\/letica-di-bonhoeffer-9788868981396-1947.html\">L\u2019Etica di Dietrich Bonhoeffer. Una guida alla lettura<\/a>, di Fulvio Ferrario, Claudiana (2018). <br><a href=\"https:\/\/www.queriniana.it\/libro\/cristologia-2301\">Dietrich Bonhoeffer, Cristologia<\/a>, con introduzione di Alberto Conci, Queriniana (2020) <br><a href=\"https:\/\/anselmopalini.it\/libri-pubblicati\/piu-forti-delle-armi\/\">Pi\u00f9 forti delle armi<\/a>,  di Anselmo Palini, AVE (2016)  <\/p>\n\n\n\n<p>Alcuni video<\/p>\n\n\n<p>Fulvio Ferrario <strong>La testimonianza di Dietrich Bonhoeffer<\/strong><\/p>\n<p><iframe loading=\"lazy\" title=\"Fulvio Ferrario La testimonianza di Dietrich Bonhoeffer\" width=\"474\" height=\"267\" src=\"https:\/\/www.youtube.com\/embed\/-TwCm5F72jI?feature=oembed\" frameborder=\"0\" allow=\"accelerometer; autoplay; clipboard-write; encrypted-media; gyroscope; picture-in-picture; web-share\" referrerpolicy=\"strict-origin-when-cross-origin\" allowfullscreen><\/iframe><\/p>\n<p>Fulvio Ferrario &#8220;<strong>Dietrich Bonhoeffer: un cristianesimo non religioso<\/strong>&#8220;<\/p>\n<p>I puntata: <strong>A caro prezzo<\/strong><\/p>\n<p><iframe loading=\"lazy\" title=\"Fulvio Ferrario &quot;Dietrich Bonhoeffer: un cristianesimo non religioso&quot; I puntata: &quot;A caro prezzo&quot;\" width=\"474\" height=\"267\" src=\"https:\/\/www.youtube.com\/embed\/9eL-xjzF74Y?feature=oembed\" frameborder=\"0\" allow=\"accelerometer; autoplay; clipboard-write; encrypted-media; gyroscope; picture-in-picture; web-share\" referrerpolicy=\"strict-origin-when-cross-origin\" allowfullscreen><\/iframe><\/p>\n<p>II puntata: <strong>Essere utili a qualcosa<\/strong><\/p>\n<p><iframe loading=\"lazy\" title=\"Fulvio Ferrario &quot;Bonhoeffer: un cristianesimo non religioso&quot; II p. &quot;Essere utili a qualcosa&quot;\" width=\"474\" height=\"267\" src=\"https:\/\/www.youtube.com\/embed\/Aq7Z4NPWpNk?feature=oembed\" frameborder=\"0\" allow=\"accelerometer; autoplay; clipboard-write; encrypted-media; gyroscope; picture-in-picture; web-share\" referrerpolicy=\"strict-origin-when-cross-origin\" allowfullscreen><\/iframe><\/p>\n<p>III puntata:&nbsp; <strong>Come se Dio non ci fosse<\/strong><\/p>\n<p><iframe loading=\"lazy\" title=\"Fulvio Ferrario &quot;Bonhoeffer: un cristianesimo non religioso&quot; III p. &quot;Come se Dio non ci fosse&quot;\" width=\"474\" height=\"267\" src=\"https:\/\/www.youtube.com\/embed\/A8hnVkptNko?feature=oembed\" frameborder=\"0\" allow=\"accelerometer; autoplay; clipboard-write; encrypted-media; gyroscope; picture-in-picture; web-share\" referrerpolicy=\"strict-origin-when-cross-origin\" allowfullscreen><\/iframe><\/p>\n<p><\/p>\n<p>Alberto Conci <br><strong>Dietrich BONHOEFFER Un cristianesimo nella carne e nella storia<\/strong><\/p>\n<p><iframe loading=\"lazy\" title=\"Alberto Conci Dietrich BONHOEFFER Un cristianesimo nella carne e nella storia\" width=\"474\" height=\"267\" src=\"https:\/\/www.youtube.com\/embed\/B-04qmBtXkM?feature=oembed\" frameborder=\"0\" allow=\"accelerometer; autoplay; clipboard-write; encrypted-media; gyroscope; picture-in-picture; web-share\" referrerpolicy=\"strict-origin-when-cross-origin\" allowfullscreen><\/iframe><\/p>","protected":false},"excerpt":{"rendered":"<p>( 4 febbraio 1906, Breslavia \u2013 9 aprile 1945, Flossenb\u00fcrg) \u00abComprendete l&#8217;ora della tempesta e del naufragio, \u00e8 l&#8217;ora della inaudita prossimit\u00e0 di Dio, non della sua lontananza. L\u00e0 dove tutte le altre sicurezze si infrangono e crollano e tutti i puntelli che reggevano la nostra esistenza sono rovinati uno dopo altro, l\u00e0 dove abbiamo &hellip; <a href=\"https:\/\/www.rosabianca.org\/?page_id=2985\" class=\"more-link\">Continua la lettura di <span class=\"screen-reader-text\">Dietrich Bonhoeffer<\/span> <span class=\"meta-nav\">&rarr;<\/span><\/a><\/p>\n","protected":false},"author":1,"featured_media":0,"parent":0,"menu_order":0,"comment_status":"closed","ping_status":"closed","template":"","meta":{"footnotes":""},"class_list":["post-2985","page","type-page","status-publish","hentry"],"publishpress_future_action":{"enabled":false,"date":"2026-04-19 21:44:46","action":"change-status","newStatus":"draft","terms":[],"taxonomy":""},"publishpress_future_workflow_manual_trigger":{"enabledWorkflows":[]},"_links":{"self":[{"href":"https:\/\/www.rosabianca.org\/index.php?rest_route=\/wp\/v2\/pages\/2985","targetHints":{"allow":["GET"]}}],"collection":[{"href":"https:\/\/www.rosabianca.org\/index.php?rest_route=\/wp\/v2\/pages"}],"about":[{"href":"https:\/\/www.rosabianca.org\/index.php?rest_route=\/wp\/v2\/types\/page"}],"author":[{"embeddable":true,"href":"https:\/\/www.rosabianca.org\/index.php?rest_route=\/wp\/v2\/users\/1"}],"replies":[{"embeddable":true,"href":"https:\/\/www.rosabianca.org\/index.php?rest_route=%2Fwp%2Fv2%2Fcomments&post=2985"}],"version-history":[{"count":6,"href":"https:\/\/www.rosabianca.org\/index.php?rest_route=\/wp\/v2\/pages\/2985\/revisions"}],"predecessor-version":[{"id":3014,"href":"https:\/\/www.rosabianca.org\/index.php?rest_route=\/wp\/v2\/pages\/2985\/revisions\/3014"}],"wp:attachment":[{"href":"https:\/\/www.rosabianca.org\/index.php?rest_route=%2Fwp%2Fv2%2Fmedia&parent=2985"}],"curies":[{"name":"wp","href":"https:\/\/api.w.org\/{rel}","templated":true}]}}