{"id":3158,"date":"2020-06-27T08:15:38","date_gmt":"2020-06-27T08:15:38","guid":{"rendered":"http:\/\/www.rosabianca.org\/?page_id=3158"},"modified":"2020-06-27T19:03:50","modified_gmt":"2020-06-27T19:03:50","slug":"agnes-heller","status":"publish","type":"page","link":"https:\/\/www.rosabianca.org\/?page_id=3158","title":{"rendered":"Agnes Heller"},"content":{"rendered":"\n<p>Il 19 luglio 2019  ci lasciava Agnes Heller . <\/p>\n\n\n\n<div class=\"wp-block-image\"><figure class=\"alignright is-resized\"><img loading=\"lazy\" decoding=\"async\" src=\"https:\/\/www.rosabianca.org\/wp-content\/uploads\/2013-08-28-09-01-Terzolas-44-1024x796.jpg\" alt=\"\" class=\"wp-image-2654\" width=\"188\" height=\"146\" srcset=\"https:\/\/www.rosabianca.org\/wp-content\/uploads\/2013-08-28-09-01-Terzolas-44-1024x796.jpg 1024w, https:\/\/www.rosabianca.org\/wp-content\/uploads\/2013-08-28-09-01-Terzolas-44-300x233.jpg 300w, https:\/\/www.rosabianca.org\/wp-content\/uploads\/2013-08-28-09-01-Terzolas-44-768x597.jpg 768w, https:\/\/www.rosabianca.org\/wp-content\/uploads\/2013-08-28-09-01-Terzolas-44.jpg 1977w\" sizes=\"auto, (max-width: 188px) 100vw, 188px\" \/><\/figure><\/div>\n\n\n\n<p>Sopravvissuta alla <em>Shoah<\/em>,  \u00e8 stata una delle voci pi\u00f9 critica&nbsp;contro i totalitarismi del secolo scorso e di questo tempo.<\/p>\n\n\n\n<p>Filosofa e autrice di diverse pubblicazioni, \u00e8 intervenuta pi\u00f9 volte ad incontri promossi dalla Rosa Bianca e dalla rivista Il Margine.&nbsp;<\/p>\n\n\n\n<p>Ci ha trasmesso in diverse occasioni la sua passione per l&#8217;amore, l&#8217;amicizia, la giustizia e la bellezza.<\/p>\n\n\n\n<!--more-->\n\n\n\n<p>Il 29 agosto del 2013 intervenendo alla scuola di formazione sottolineava come di fronte ad un male, anche trascendente, abbiamo sempre la possibilit\u00e0 di scegliere per il bene.<\/p>\n\n\n\n<p>Trovate al link una sintesi dell&#8217;<a href=\"https:\/\/drive.google.com\/file\/d\/1yPCs8p3rHX909ec8tZH9MJrxhJU6O8vt\/view?usp=sharing\">intervento di Agnes Heller<\/a>. <\/p>\n\n\n\n<p>Il 14 marzo 2019 a Brescia si era tenuto l&#8217;incontro organizzato dalla CCDC di Brescia intitolato Paradosso Europa. Sul <a href=\"https:\/\/www.ccdc.it\/documento\/paradosso-europa\/?_sfm_documento_autore=19573\">sito della Cooperativa<\/a> trovate i riferimenti all&#8217;evento <\/p>\n\n\n\n<figure class=\"wp-block-embed-wordpress wp-block-embed is-type-wp-embed is-provider-cooperativa-cattolico-democratica-di-cultura\"><div class=\"wp-block-embed__wrapper\">\n<blockquote class=\"wp-embedded-content\" data-secret=\"bLAP8WC41X\"><a href=\"https:\/\/www.ccdc.it\/documento\/paradosso-europa\/\">Paradosso Europa<\/a><\/blockquote><iframe loading=\"lazy\" class=\"wp-embedded-content\" sandbox=\"allow-scripts\" security=\"restricted\" style=\"position: absolute; visibility: hidden;\" title=\"&#8220;Paradosso Europa&#8221; &#8212; Cooperativa Cattolico-democratica di Cultura\" src=\"https:\/\/www.ccdc.it\/documento\/paradosso-europa\/embed\/#?secret=qnBa0sUfWc#?secret=bLAP8WC41X\" data-secret=\"bLAP8WC41X\" width=\"474\" height=\"267\" frameborder=\"0\" marginwidth=\"0\" marginheight=\"0\" scrolling=\"no\"><\/iframe>\n<\/div><\/figure>\n","protected":false},"excerpt":{"rendered":"<p>Il 19 luglio 2019 ci lasciava Agnes Heller . Sopravvissuta alla Shoah, \u00e8 stata una delle voci pi\u00f9 critica&nbsp;contro i totalitarismi del secolo scorso e di questo tempo. Filosofa e autrice di diverse pubblicazioni, \u00e8 intervenuta pi\u00f9 volte ad incontri promossi dalla Rosa Bianca e dalla rivista Il Margine.&nbsp; Ci ha trasmesso in diverse occasioni &hellip; <a href=\"https:\/\/www.rosabianca.org\/?page_id=3158\" class=\"more-link\">Continua la lettura di <span class=\"screen-reader-text\">Agnes Heller<\/span> <span class=\"meta-nav\">&rarr;<\/span><\/a><\/p>\n","protected":false},"author":1,"featured_media":0,"parent":0,"menu_order":0,"comment_status":"closed","ping_status":"closed","template":"","meta":{"footnotes":""},"class_list":["post-3158","page","type-page","status-publish","hentry"],"publishpress_future_action":{"enabled":false,"date":"2026-04-23 04:14:06","action":"change-status","newStatus":"draft","terms":[],"taxonomy":""},"publishpress_future_workflow_manual_trigger":{"enabledWorkflows":[]},"_links":{"self":[{"href":"https:\/\/www.rosabianca.org\/index.php?rest_route=\/wp\/v2\/pages\/3158","targetHints":{"allow":["GET"]}}],"collection":[{"href":"https:\/\/www.rosabianca.org\/index.php?rest_route=\/wp\/v2\/pages"}],"about":[{"href":"https:\/\/www.rosabianca.org\/index.php?rest_route=\/wp\/v2\/types\/page"}],"author":[{"embeddable":true,"href":"https:\/\/www.rosabianca.org\/index.php?rest_route=\/wp\/v2\/users\/1"}],"replies":[{"embeddable":true,"href":"https:\/\/www.rosabianca.org\/index.php?rest_route=%2Fwp%2Fv2%2Fcomments&post=3158"}],"version-history":[{"count":4,"href":"https:\/\/www.rosabianca.org\/index.php?rest_route=\/wp\/v2\/pages\/3158\/revisions"}],"predecessor-version":[{"id":3185,"href":"https:\/\/www.rosabianca.org\/index.php?rest_route=\/wp\/v2\/pages\/3158\/revisions\/3185"}],"wp:attachment":[{"href":"https:\/\/www.rosabianca.org\/index.php?rest_route=%2Fwp%2Fv2%2Fmedia&parent=3158"}],"curies":[{"name":"wp","href":"https:\/\/api.w.org\/{rel}","templated":true}]}}