{"id":3161,"date":"2020-06-27T08:16:11","date_gmt":"2020-06-27T08:16:11","guid":{"rendered":"http:\/\/www.rosabianca.org\/?page_id=3161"},"modified":"2020-06-27T14:34:55","modified_gmt":"2020-06-27T14:34:55","slug":"alex-langer","status":"publish","type":"page","link":"https:\/\/www.rosabianca.org\/?page_id=3161","title":{"rendered":"Alex Langer"},"content":{"rendered":"<figure id=\"attachment_1578\" aria-describedby=\"caption-attachment-1578\" style=\"width: 300px\" class=\"wp-caption alignright\"><a href=\"https:\/\/www.rosabianca.org\/wp-content\/uploads\/dolceprofondo.jpg\"><img loading=\"lazy\" decoding=\"async\" class=\"wp-image-1578 size-medium\" src=\"https:\/\/www.rosabianca.org\/wp-content\/uploads\/dolceprofondo-300x221.jpg\" alt=\"dolceprofondo\" width=\"300\" height=\"221\" srcset=\"https:\/\/www.rosabianca.org\/wp-content\/uploads\/dolceprofondo-300x221.jpg 300w, https:\/\/www.rosabianca.org\/wp-content\/uploads\/dolceprofondo-768x565.jpg 768w, https:\/\/www.rosabianca.org\/wp-content\/uploads\/dolceprofondo-250x184.jpg 250w, https:\/\/www.rosabianca.org\/wp-content\/uploads\/dolceprofondo.jpg 1019w\" sizes=\"auto, (max-width: 300px) 100vw, 300px\" \/><\/a><figcaption id=\"caption-attachment-1578\" class=\"wp-caption-text\">Disegno tratto da &#8220;Il drago e l&#8217;agnello&#8221; di Giuliana Martirani<\/figcaption><\/figure>\n<p>\u00abLa nostra civilt\u00e0 ha bisogno di \u201cdisarmare\u201d e di \u201cdigiunare\u201d &#8211; altrimenti rompe ogni equilibrio ed impedisce ogni possibile giustizia e sviluppo durevole. Il pretenzioso motto olimpico del \u201c<em>citius, altius, fortius<\/em>\u201d (pi\u00f9 veloce, pi\u00f9 alto, pi\u00f9 forte) che contiene la quintessenza della nostra cultura della competizione, dovr\u00e0 urgentemente convertirsi in un pi\u00f9 modesto, ma pi\u00f9 vitale \u201c<em>lentius, profundius, dulcius<\/em>\u201d (pi\u00f9 lento, pi\u00f9 profondo, pi\u00f9 dolce)\u00bb di Alex Langer<\/p>\n\n\n<p>Il 3 luglio del 1995 ci lasciava Alexander Langer, costruttore di ponti, varcatore di confini. <\/p>\n\n\n\n<p>In un suo articolo Francesco Comina aveva qualche anno fa sottolineato il suo essere <a href=\"https:\/\/www.alexanderlanger.org\/files\/161715-Comina-alex.pdf\">profeta di ecologia<\/a> . <\/p>\n\n\n\n<p>Grazie ad una recente pubblicazione sono ora disponibili alcune testimonianze video di Alex Langer.   <\/p>\n\n\n\n<!--more-->\n\n\n\n<p>Il 29 dicembre 1988  in occasione di un suo intervento presso  la Cittadella di Assisi nel parlare dell&#8217;esperienza del <strong>superamento dei confini<\/strong> ci poneva di fronte al tema della <strong>conversione ecologica<\/strong> ed alla necessit\u00e0 di intraprendere con coraggio piccole grandi scelte.<\/p>\n\n\n\n<figure class=\"wp-block-embed-youtube wp-block-embed is-type-video is-provider-youtube wp-embed-aspect-16-9 wp-has-aspect-ratio\"><div class=\"wp-block-embed__wrapper\">\n<iframe loading=\"lazy\" title=\"1 - Alexander Langer - Il coraggio di scegliere\" width=\"474\" height=\"267\" src=\"https:\/\/www.youtube.com\/embed\/YmP1hmf2F_w?list=PLZh2EWnQQhM0yh2GjACUWjNxZ09VL0lux\" frameborder=\"0\" allow=\"accelerometer; autoplay; clipboard-write; encrypted-media; gyroscope; picture-in-picture; web-share\" referrerpolicy=\"strict-origin-when-cross-origin\" allowfullscreen><\/iframe>\n<\/div><\/figure>\n\n\n\n<p>Il 27 dicembre 1994 nel suo intervento sulla riconciliazione con la natura presentava la possibilit\u00e0 di un futuro amico, meno ostile, per rendere pi\u00f9 vivibile il futuro e forse anche il presente.<\/p>\n\n\n\n<figure class=\"wp-block-embed-youtube wp-block-embed is-type-video is-provider-youtube wp-embed-aspect-16-9 wp-has-aspect-ratio\"><div class=\"wp-block-embed__wrapper\">\n<iframe loading=\"lazy\" title=\"4 Alexander Langer - Riconciliazione con la natura\" width=\"474\" height=\"267\" src=\"https:\/\/www.youtube.com\/embed\/fuF92dEPHTc?list=PLZh2EWnQQhM0yh2GjACUWjNxZ09VL0lux\" frameborder=\"0\" allow=\"accelerometer; autoplay; clipboard-write; encrypted-media; gyroscope; picture-in-picture; web-share\" referrerpolicy=\"strict-origin-when-cross-origin\" allowfullscreen><\/iframe>\n<\/div><\/figure>\n\n\n\n<p>Anche per questo tempo un messaggio di speranza fondato sul dialogo, sulla convivenza nonviolenta. <\/p>\n\n\n\n<p>La salvaguardia del creato diventa una promessa, come fosse un prestito che ci ha fatto chi verr\u00e0 dopo di noi e che ci permette di usarlo ma che spera che glielo restituiamo, e lo lasciamo in modo che anche quelli che vengono dopo  di noi possano ancora lasciarlo.<\/p>\n\n\n\n<p> <a href=\"http:\/\/www.alexanderlanger.org\/it\/143\/375\">Un catalogo di virt\u00f9 verdi<\/a>\u00a0da \u201cIl Margine\u201d<br> <a href=\"http:\/\/www.alexanderlanger.org\/it\/147\/3216\">La forza dell\u2019Europa non sta nelle armi<\/a><br> <a href=\"http:\/\/www.alexanderlanger.org\/it\/47\/195\">Sulla politica mediterranea<\/a><br> <a href=\"http:\/\/www.alexanderlanger.org\/it\/32\/104\">Tentativo di decalogo per la convivenza inter-etnica<\/a><br> <a href=\"http:\/\/www.giovaniemissione.it\/pub\/index.php?option=content&amp;task=view&amp;id=554\">Speranze e proposte per un\u2019Europa federale<\/a><br> <a href=\"http:\/\/web.peacelink.it\/langer\/langer_5.html\">Intervento al convegno giovanile di Assisi<\/a>\u00a0(1994)<\/p>\n","protected":false},"excerpt":{"rendered":"<p>\u00abLa nostra civilt\u00e0 ha bisogno di \u201cdisarmare\u201d e di \u201cdigiunare\u201d &#8211; altrimenti rompe ogni equilibrio ed impedisce ogni possibile giustizia e sviluppo durevole. Il pretenzioso motto olimpico del \u201ccitius, altius, fortius\u201d (pi\u00f9 veloce, pi\u00f9 alto, pi\u00f9 forte) che contiene la quintessenza della nostra cultura della competizione, dovr\u00e0 urgentemente convertirsi in un pi\u00f9 modesto, ma pi\u00f9 &hellip; <a href=\"https:\/\/www.rosabianca.org\/?page_id=3161\" class=\"more-link\">Continua la lettura di <span class=\"screen-reader-text\">Alex Langer<\/span> <span class=\"meta-nav\">&rarr;<\/span><\/a><\/p>\n","protected":false},"author":1,"featured_media":0,"parent":0,"menu_order":0,"comment_status":"closed","ping_status":"closed","template":"","meta":{"footnotes":""},"class_list":["post-3161","page","type-page","status-publish","hentry"],"publishpress_future_action":{"enabled":false,"date":"2026-04-25 03:37:23","action":"change-status","newStatus":"draft","terms":[],"taxonomy":""},"publishpress_future_workflow_manual_trigger":{"enabledWorkflows":[]},"_links":{"self":[{"href":"https:\/\/www.rosabianca.org\/index.php?rest_route=\/wp\/v2\/pages\/3161","targetHints":{"allow":["GET"]}}],"collection":[{"href":"https:\/\/www.rosabianca.org\/index.php?rest_route=\/wp\/v2\/pages"}],"about":[{"href":"https:\/\/www.rosabianca.org\/index.php?rest_route=\/wp\/v2\/types\/page"}],"author":[{"embeddable":true,"href":"https:\/\/www.rosabianca.org\/index.php?rest_route=\/wp\/v2\/users\/1"}],"replies":[{"embeddable":true,"href":"https:\/\/www.rosabianca.org\/index.php?rest_route=%2Fwp%2Fv2%2Fcomments&post=3161"}],"version-history":[{"count":3,"href":"https:\/\/www.rosabianca.org\/index.php?rest_route=\/wp\/v2\/pages\/3161\/revisions"}],"predecessor-version":[{"id":3171,"href":"https:\/\/www.rosabianca.org\/index.php?rest_route=\/wp\/v2\/pages\/3161\/revisions\/3171"}],"wp:attachment":[{"href":"https:\/\/www.rosabianca.org\/index.php?rest_route=%2Fwp%2Fv2%2Fmedia&parent=3161"}],"curies":[{"name":"wp","href":"https:\/\/api.w.org\/{rel}","templated":true}]}}