{"id":70,"date":"2011-02-03T17:54:56","date_gmt":"2011-02-03T17:54:56","guid":{"rendered":"http:\/\/wp.rosabianca.org\/?page_id=70"},"modified":"2021-01-10T15:30:43","modified_gmt":"2021-01-10T15:30:43","slug":"weise-rose-secondo-volantino","status":"publish","type":"page","link":"https:\/\/www.rosabianca.org\/?page_id=70","title":{"rendered":"Secondo volantino"},"content":{"rendered":"<p>Non si pu\u00f2 discutere con il nazionalsocialismo sul piano spirituale, perch\u00e8 esso \u00e8 privo di valori spirituali. \u00c8 sbagliato parlare di una visione del mondo nazionalsocialista; se essa esistesse bisognerebbe cercare di dimostrarla e di combatterla con mezzi spirituali; ma la realt\u00e0 ci offre un quadro completamente diverso : gi\u00e0 al suo inizio questo movimento ricorreva all&#8217;inganno del cittadino, gi\u00e0 allora era intimamente corrotto e poteva sopravvivere soltanto con continue menzogne. Lo stesso Hitler scrive in una delle prime edizioni del suo libro (un libro che \u00e8 stato scritto nel peggiore tedesco che io abbia mai letto , e che tuttavia \u00e8 stato innalzato al rango di Bibbia dal popolo dei poeti e dei pensatori) : &#8220;\u00c8 incredibile fino a che punto si debba ingannare un popolo per poterlo governare&#8221; . Se questo cancro ulcerato del popolo tedesco non si era ancora reso evidente all&#8217;inizio, ci\u00f2 fu solo in quanto vi erano attive sufficienti forze buone per contenerlo. Ma quando esso divenne sempre pi\u00f9 grande , ed arriv\u00f2 infine al potere attraverso un&#8217;ultima generale corruzione, il tumore scoppi\u00f2 infettando tutto il corpo , la maggioranza dei primi oppositori si nascose, e l&#8217;intelligenza tedesca si rifugi\u00f2 in un sotterraneo per esservi lentamente soffocata, sottratta alla luce e al sole. Adesso siamo alla fine. Adesso \u00e8 necessario che ci si ritrovi fra noi tutti, illuminandoci da uomo a uomo, sempre pensandoci e non dandoci riposo fino a quando anche l&#8217;ultimo di noi non sia convinto dell&#8217;estrema necessit\u00e0 della sua partecipazione alla lotta contro questo sistema. Se un&#8217;ondata di ribellione si estende attraverso il paese, se questo &#8220;si sente nell&#8217;aria&#8221;, se in molti vi contribuiscono, allora si potr\u00e0 rovesciare questo sistema con un estremo poderoso sforzo. Una fine orrenda \u00e8 sempre meglio di un orrore senza fine.<br \/>\nNon ci \u00e8 concesso di dare un giudizio definitivo sul senso della storia. Ma questa catastrofe potr\u00e0 servire alla nostra salvezza; ci\u00f2 avverr\u00e0 soltanto se, purificati attraverso il dolore, desideriamo vedere levarsi la luce della pi\u00f9 profonda notte, sorgiamo in piedi e contribuiamo infine a scuotere il giogo che opprime il mondo.<br \/>\nNon intendiamo in questo foglio trattare della questione ebraica, ne qui assumerne la difesa. No, ma vogliamo solo ricordare brevemente come esempio un fatto : il fatto cio\u00e8 che dalla occupazione della Polonia sono stati trucidati in quel paese nel modo pi\u00f9 bestiale trecentomila ebrei. In questo noi vediamo il pi\u00f9 orrendo delitto contro la dignit\u00e0 dell&#8217;uomo, un delitto di cui non se ne pu\u00f2 trovare uno analogo in tutta la storia umana. Anche gli ebrei sono creature umane! Qualsiasi posizione si voglia prendere sulla questione ebraica, ci\u00f2 \u00e8 stato fatto su degli uomini. Forse qualcuno dir\u00e0 che gli ebrei hanno meritato un tale destino; una simile affermazione sarebbe di una presunzione spaventosa, ma ammesso anche che qualcuno la sostenesse, quale posizione prenderebbe egli di fronte al fatto che tutti i giovani nobili polacchi sono stati sterminati? (Voglia Iddio che questo non sia ancora totalmente avvenuto !). Domanderete in che modo \u00e8 potuto accadere tutto questo. Tutti i discendenti maschi di famiglie nobili tra i quindici e i venti anni sono stati deportati in campi di concentramento in Germania ai lavori forzati. E tutte le ragazze della medesima et\u00e0 nei bordelli delle SS in Norvegia! Perch\u00e9 vi raccontiamo tutte queste cose che voi gi\u00e0 conoscete, e se non proprio queste, conoscete altri delitti egualmente gravi compiuti da uomini orribilmente degenerati? perch\u00e9 si tocca qui una questione che ci riguarda tutti profondamente, e che deve dare da riflettere a tutti. Perch\u00e9 il popolo tedesco si mantiene cos\u00ec inerte di fronte a dei crimini tanto orrendi ed indegni di esseri umani? Quasi nessuno vi riflette?<br \/>\nIl fatto viene accettato come tale, e passato agli atti. E il popolo tedesco continua a dormire nel suo sonno ottuso e stupido, e d\u00e0 cos\u00ec a questi criminali fascisti il coraggio e l&#8217;occasione di continuare nella loro ferocia; ed essi continuano.<br \/>\n\u00c8 questo forse il segno che il popolo tedesco si schernisce dei suoi pi\u00f9 intimi sentimenti umani, che nessuna corda vibra in esso, stridendo alla vista di tali azioni, che \u00e8 ormai sprofondato in un sonno mortale da cui nessun risveglio sar\u00e0 mai possibile? Cos\u00ec sembra, e cos\u00ec certamente sar\u00e0 se i tedeschi non si sveglieranno da questa apatia, se non protesteranno dovunque essi possano contro questa cricca di criminali, se non parteciperanno al dolore di queste centinaia di migliaia di vittime. E non solo essi devono provare compassione per questo dolore, ma molto di pi\u00f9: devono sentirsi corresponsabili. Infatti \u00e8 soltanto a causa del loro comportamento apatico che uomini malvagi hanno la possibilit\u00e0 di agire cos\u00ec; essi sopportano questo &#8220;governo&#8221; che si \u00e8 macchiato di una colpa infinitamente grande; non non solo, essi sono anche colpevoli del fatto che un tale governo si \u00e8 potuto installare! Ognuno vuol liberarsi da questa complicit\u00e0, ciascuno cerca di farlo ma poi ricade nel sonno con la pi\u00f9 grande tranquillit\u00e0 di coscienza. Ma egli non pu\u00f2 scagionarsi: ciascuno \u00e8 colpevole, colpevole, colpevole!<br \/>\nNon \u00e8 ancora troppo tardi per eliminare questo governo, che \u00e8 il pi\u00f9 abominevole e mostruoso di tutti quelli che abbiamo avuto, per non addossarci ancora pi\u00f9 colpa. Ora che in questi ultimi anni ci sono stati aperti gli occhi, ora che noi conosciamo con chi abbiamo a che fare, ora \u00e8 l&#8217;ultimo istante per sterminare quest&#8217;orda bruna.<br \/>\nFino all&#8217;inizio della guerra la maggior parte del popolo tedesco era accecata; i nazionalsocialisti non si mostravano nella loro vera natura; ma ora che li conosciamo, l&#8217;unico ed il pi\u00f9 alto dovere, il pi\u00f9 santo per ogni tedesco, deve essere quello di sterminare queste belve.<br \/>\n&#8220;Felice quel popolo il cui governo non si fa sentire. Il popolo il cui governo opprimente viene soffocato. Ahim\u00e8, \u00e8 sulla miseria che si costruisce la fortuna. Ahim\u00e8, la fortuna vela solo la miseria. Come andr\u00e0 a finire? La fine non \u00e8 ancora visibile. L&#8217;ordine si trasforma in disordine. Il bene si trasforma in male. Il popolo cade nello smarrimento . Non \u00e8 cos\u00ec forse ogni giorno, da tempo? Per questo l&#8217;uomo elevato \u00e8 rettangolare, ma non urta, \u00e8 spigoloso, ma non ferisce; esso \u00e8 diritto, ma non brusco; \u00e8 limpido, ma non vuole risplendere&#8221; (Lao-Tze).<br \/>\n&#8220;Chi cerca di dominare lo stato e di formarlo secondo il suo volere, non vedo come raggiunger\u00e0 il suo scopo: questo \u00e8 tutto. Lo stato \u00e8 un organismo vivente: in verit\u00e0 non pu\u00f2 essere costruito come si vuole ! Chi non tiene conto di ci\u00f2 lo rovina. Chi vuole impadronirsene lo perde. Perci\u00f2 alcuni esseri precedono ed altri li seguono. Alcuni hanno il respiro caldo, altri freddo. Alcuni sono forti, altri deboli. Alcuni raggiungono la ricchezza, altri naufragano. L&#8217;uomo nobile evita l&#8217;eccesso, evita la superbia, evita la sopraffazione&#8221; (Lao-Tze).<br \/>\nPreghiamo di fare il maggior numero possibile di copie di questo scritto e di diffonderle.<\/p>\n","protected":false},"excerpt":{"rendered":"<p>Non si pu\u00f2 discutere con il nazionalsocialismo sul piano spirituale, perch\u00e8 esso \u00e8 privo di valori spirituali. \u00c8 sbagliato parlare di una visione del mondo nazionalsocialista; se essa esistesse bisognerebbe cercare di dimostrarla e di combatterla con mezzi spirituali; ma la realt\u00e0 ci offre un quadro completamente diverso : gi\u00e0 al suo inizio questo movimento &hellip; <a href=\"https:\/\/www.rosabianca.org\/?page_id=70\" class=\"more-link\">Continua la lettura di <span class=\"screen-reader-text\">Secondo volantino<\/span> <span class=\"meta-nav\">&rarr;<\/span><\/a><\/p>\n","protected":false},"author":1,"featured_media":0,"parent":62,"menu_order":1,"comment_status":"open","ping_status":"closed","template":"","meta":{"footnotes":""},"class_list":["post-70","page","type-page","status-publish","hentry"],"publishpress_future_action":{"enabled":false,"date":"2026-04-28 11:33:00","action":"change-status","newStatus":"draft","terms":[],"taxonomy":"","extraData":[]},"publishpress_future_workflow_manual_trigger":{"enabledWorkflows":[]},"_links":{"self":[{"href":"https:\/\/www.rosabianca.org\/index.php?rest_route=\/wp\/v2\/pages\/70","targetHints":{"allow":["GET"]}}],"collection":[{"href":"https:\/\/www.rosabianca.org\/index.php?rest_route=\/wp\/v2\/pages"}],"about":[{"href":"https:\/\/www.rosabianca.org\/index.php?rest_route=\/wp\/v2\/types\/page"}],"author":[{"embeddable":true,"href":"https:\/\/www.rosabianca.org\/index.php?rest_route=\/wp\/v2\/users\/1"}],"replies":[{"embeddable":true,"href":"https:\/\/www.rosabianca.org\/index.php?rest_route=%2Fwp%2Fv2%2Fcomments&post=70"}],"version-history":[{"count":3,"href":"https:\/\/www.rosabianca.org\/index.php?rest_route=\/wp\/v2\/pages\/70\/revisions"}],"predecessor-version":[{"id":3486,"href":"https:\/\/www.rosabianca.org\/index.php?rest_route=\/wp\/v2\/pages\/70\/revisions\/3486"}],"up":[{"embeddable":true,"href":"https:\/\/www.rosabianca.org\/index.php?rest_route=\/wp\/v2\/pages\/62"}],"wp:attachment":[{"href":"https:\/\/www.rosabianca.org\/index.php?rest_route=%2Fwp%2Fv2%2Fmedia&parent=70"}],"curies":[{"name":"wp","href":"https:\/\/api.w.org\/{rel}","templated":true}]}}