{"id":80,"date":"2011-02-03T18:28:51","date_gmt":"2011-02-03T18:28:51","guid":{"rendered":"http:\/\/wp.rosabianca.org\/?page_id=80"},"modified":"2023-03-13T08:39:14","modified_gmt":"2023-03-13T08:39:14","slug":"quarto-volantino","status":"publish","type":"page","link":"https:\/\/www.rosabianca.org\/?page_id=80","title":{"rendered":"Quarto volantino"},"content":{"rendered":"<p>\u00c8 una massima antica alla quale si usa richiamare spesso i bambini: colui che non vuole dare ascolto, deve poi provare di persona. Ma un bambino accorto si brucer\u00e0 soltanto una volta le dita alla stufa accesa.<br \/>\nNelle settimane passate Hitler ha avuto sia in Africa che in Russia dei successi. Ne consegu\u00ec il fatto che l&#8217;ottimismo di una parte del popolo, ed il turbamento e il pessimismo dell&#8217; altra, si accrebbero con una rapidit\u00e0 insolita. Dappertutto si sono uditi da parte degli oppositori di Hitler, ovverosia dalla parte migliore del popolo, dei lamenti, delle parole di delusione e di scoraggiamento, che non di rado terminavano con l&#8217;interrogativo: &#8220;E se Hitler davvero&#8230;?&#8221;.<br \/>\nFrattanto l&#8217; offensiva tedesca in Egitto si \u00e8 arrestata; Rommel \u00e8 costretto a rimanere in una posizione pericolosamente esposta; ma l&#8217; avanzata sul fronte orientale procede ancora.<br \/>\nQuesto apparente successo \u00e8 stato per\u00f2 pagato con i pi\u00f9 tremendi sacrifici, cosicch\u00e9 esso non pu\u00f2 pi\u00f9 essere considerato tale. Mettiamo quindi in guardia da un ottimismo di qualunque genere. Chi ha contato i morti? Hitler o Gobbels? Probabilmente nessuno dei due. Ogni giorno in Russia ne cadono a migliaia. \u00c8 il tempo del raccolto e la falce colpisce con pieno vigore nella messe matura! Il lutto penetra nelle case della nostra patria, e nessuno viene ad asciugare le lacrime delle madri; ma Hitler inganna coloro a cui ha rapito il pi\u00f9 caro dei beni, e lo ha gettato verso una morte senza significato.<br \/>\nOgni parola che esce dalla bocca di Hitler \u00e8 una menzogna. Quando egli parla di pace pensa alla guerra, quando egli in modo blasfemo pronuncia il nome dell&#8217;Onnipotente, si riferisce invece alla potenza del Male, agli angeli caduti, a Satana. La sua bocca \u00e8 come l&#8217;ingresso fetido dell&#8217;inferno ed il suo potere \u00e8 corrotto nel pi\u00f9 profondo. \u00c8 ben vero che si deve portare avanti con metodi razionali la lotta contro lo stato terroristico ; ma chi oggi dubita ancora sulla reale esistenza di forze demoniache, non ha assolutamente capito lo sfondo metafisico di questa guerra. Dietro al concreto, che \u00e8 afferrabile con i sensi, dietro ogni riflessione obbiettiva e logica, sta l\u2019irrazionale, \u00e8 cio\u00e8 la lotta contro il demonio, contro il messaggero dell&#8217;Anticristo. Ovunque ed in ogni tempo, i demoni sono stati in agguato nelle tenebre in attesa dell\u2019ora in cui l\u2019uomo diviene debole, in cui esso abbandona volontariamente la sua posizione fondata sulla libert\u00e0 donatagli da Dio e cede alle pressioni del Male, si distacca dall&#8217;ordine divino: Cos\u00ec, dopo aver fatto liberamente il primo passo , viene spinto al secondo , al terzo , ed ancora innanzi con sempre pi\u00f9 turbinosa velocit\u00e0. Allora, dovunque e nell&#8217;ora estrema del bisogno, sono sorti uomini, profeti, santi, che avevano conservato la loro libert\u00e0, che hanno richiamato il popolo al Dio unico, e con il suo aiuto lo hanno incitato a tornare indietro. L&#8217;uomo \u00e8 bens\u00ec libero, ma senza il vero Dio \u00e8 indifeso contro il male, come un neonato senza madre, come una nube che si dissolve.<br \/>\nVi \u00e8 forse, chiedo a te che sei cristiano, in questa lotta per mantenere i tuoi beni pi\u00f9 preziosi, una possibilit\u00e0 di esitare, di trastullarsi con intrighi, di rimandare la decisione in attesa che altri prendano le armi per difenderti? Non ti ha forse Dio stesso dato la forza ed il coraggio per combattere? Dobbiamo attaccare il male l\u00e0 dove esso \u00e8 imperante, ed esso \u00e8 imperante proprio nel potere di Hitler.<br \/>\n&#8220;Mi voltai e vidi tutto il male che \u00e8 stato commesso sotto il sole; ed ecco, vi erano lacrime di quelli che soffrivano ingiustizia e non avevano alcun consolatore ; coloro che gli arrecavano ingiustizia erano cos\u00ec potenti che essi non potevano avere nessun consolatore.<br \/>\nEd allora considerai felici coloro che erano morti, pi\u00f9 dei vivi, che possedevano ancora la vita&#8230;&#8221; (Ecclesiaste 4, 1-2).<br \/>\nNovalis: &#8220;La vera anarchia \u00e8 l&#8217;elemento che genera la religione. Dalla distruzione di tutto ci\u00f2 che vi \u00e8 di positivo essa solleva il suo capo vittorioso come nuova creatrice del mondo&#8230; Se l&#8217;Europa volesse svegliarsi, se esistesse nel nostro futuro uno stato degli stati, una dottrina scientifica della politica. Sar\u00e0 forse di tipo gerarchico&#8230; il fondamento di questa unione di stati?&#8230;II sangue scorrer\u00e0 sull&#8217;Europa fino a che le nazioni non saranno consapevoli della spaventosa follia che le trascina in un vortice e, colpite e rappacificate da una musica celeste, non si avvicineranno ai vecchi altari; tra di loro frammiste, non udranno opere di pace, e non sar\u00e0 celebrata una grande festa di pace con lacrime ardenti, sui fumanti campi di battaglia. Solamente la religione pu\u00f2 svegliare l&#8217;Europa ed assicurare i diritti dei popoli instaurando visibilmente il cristianesimo sulla terra con un nuovo splendore, . nella sua funzione di apportatore di pace&#8230;&#8221;.<br \/>\nAvvertiamo espressamente che la Rosa Bianca non \u00e8 al soldo di nessuna potenza straniera. Pur sapendo che il potere nazionalsocialista deve essere spezzato militarmente, noi cerchiamo un rinnovamento dall&#8217;interno dello spirito tedesco, cos\u00ec gravemente ferito. Ma questa rinascita deve essere preceduta da un chiaro riconoscimento di tutte le colpe di cui il popolo tedesco si \u00e8 macchiato , e da una lotta incondizionata contro Hitler ed i suoi collaboratori, membri del partito, Quisling ecc. Dobbiamo aprire, nettamente e con brutalit\u00e0, un abisso tra la parte migliore del popolo e tutto ci\u00f2 che \u00e8 legato al nazionalsocialismo. Per Hitler ed i suoi sostenitori non vi \u00e8 sulla terra una punizione adeguata alle loro azioni. Comunque, per amore delle future generazioni, si deve dare, alla fine del conflitto, un esempio tale che nessuno abbia pi\u00f9 la minima voglia di ritentare una simile avventura.<br \/>\nNon dimenticate neppure i colpevoli meno importanti di questo sistema, ricordate i loro nomi, perch\u00e9 nessuno sfugga!<br \/>\nNon devono riuscire, dopo una tale atrocit\u00e0, a cambiare bandiera all&#8217;ultimo minuto e a fare come se nulla fosse accaduto!<br \/>\nPer la vostra tranquillit\u00e0 aggiungiamo ancora che gli indirizzi dei lettori della Rosa Bianca non sono annotati in nessun luogo; essi sono presi a caso da elenchi di indirizzi.<br \/>\nNoi non taceremo , noi siamo la voce della vostra cattiva coscienza; la Rosa Bianca non vi dar\u00e0 pace.<\/p>\n<p>Si prega di ricopiare e diffondere.<\/p>\n","protected":false},"excerpt":{"rendered":"<p>\u00c8 una massima antica alla quale si usa richiamare spesso i bambini: colui che non vuole dare ascolto, deve poi provare di persona. Ma un bambino accorto si brucer\u00e0 soltanto una volta le dita alla stufa accesa. Nelle settimane passate Hitler ha avuto sia in Africa che in Russia dei successi. Ne consegu\u00ec il fatto &hellip; <a href=\"https:\/\/www.rosabianca.org\/?page_id=80\" class=\"more-link\">Continua la lettura di <span class=\"screen-reader-text\">Quarto volantino<\/span> <span class=\"meta-nav\">&rarr;<\/span><\/a><\/p>\n","protected":false},"author":1,"featured_media":0,"parent":62,"menu_order":4,"comment_status":"open","ping_status":"closed","template":"","meta":{"footnotes":""},"class_list":["post-80","page","type-page","status-publish","hentry"],"publishpress_future_action":{"enabled":false,"date":"2026-04-28 11:37:11","action":"change-status","newStatus":"draft","terms":[],"taxonomy":"","extraData":[]},"publishpress_future_workflow_manual_trigger":{"enabledWorkflows":[]},"_links":{"self":[{"href":"https:\/\/www.rosabianca.org\/index.php?rest_route=\/wp\/v2\/pages\/80","targetHints":{"allow":["GET"]}}],"collection":[{"href":"https:\/\/www.rosabianca.org\/index.php?rest_route=\/wp\/v2\/pages"}],"about":[{"href":"https:\/\/www.rosabianca.org\/index.php?rest_route=\/wp\/v2\/types\/page"}],"author":[{"embeddable":true,"href":"https:\/\/www.rosabianca.org\/index.php?rest_route=\/wp\/v2\/users\/1"}],"replies":[{"embeddable":true,"href":"https:\/\/www.rosabianca.org\/index.php?rest_route=%2Fwp%2Fv2%2Fcomments&post=80"}],"version-history":[{"count":5,"href":"https:\/\/www.rosabianca.org\/index.php?rest_route=\/wp\/v2\/pages\/80\/revisions"}],"predecessor-version":[{"id":4598,"href":"https:\/\/www.rosabianca.org\/index.php?rest_route=\/wp\/v2\/pages\/80\/revisions\/4598"}],"up":[{"embeddable":true,"href":"https:\/\/www.rosabianca.org\/index.php?rest_route=\/wp\/v2\/pages\/62"}],"wp:attachment":[{"href":"https:\/\/www.rosabianca.org\/index.php?rest_route=%2Fwp%2Fv2%2Fmedia&parent=80"}],"curies":[{"name":"wp","href":"https:\/\/api.w.org\/{rel}","templated":true}]}}