{"id":87,"date":"2011-02-03T18:33:38","date_gmt":"2011-02-03T18:33:38","guid":{"rendered":"http:\/\/wp.rosabianca.org\/?page_id=87"},"modified":"2011-04-03T18:35:00","modified_gmt":"2011-04-03T18:35:00","slug":"sesto-volantino","status":"publish","type":"page","link":"https:\/\/www.rosabianca.org\/?page_id=87","title":{"rendered":"Sesto volantino"},"content":{"rendered":"<p>Colleghe! Colleghi!<br \/>\nIl nostro popolo si trova profondamente scosso  di fronte all&#8217;ecatombe umana di Stalingrado. La geniale strategia del  caporale della prima guerra mondiale ha spinto alla morte in modo  insensato ed irresponsabile trecentotrentamila tedeschi. Fuhrer, ti  ringraziamo!<br \/>\nFermenta nel popolo tedesco la domanda: vogliamo ancora  affidare il destino delle nostre armate a un dilettante. Vogliamo  lasciare in preda ai pi\u00f9 bassi istinti di potere di una cricca di  partito la nostra giovent\u00f9 tedesca. Mai pi\u00f9! Il giorno della resa dei  conti \u00e8 venuto, la resa dei conti della giovent\u00f9 tedesca con la pi\u00f9  abominevole tirannia che il nostro popolo abbia mai sopportato. In nome  della giovent\u00f9 tedesca esigiamo dallo stato di Adolfo Hitler la  restituzione della libert\u00e0 personale, il bene pi\u00f9 prezioso dei tedeschi  che egli ci ha tolto nel modo pi\u00f9 spregevole.<br \/>\nSiamo cresciuti in uno  stato caratterizzato dalla spietata sopraffazione di ogni libera  espressione di opinione. La Giovent\u00f9 Hitleriana, le SA, le SS hanno  cercato negli anni pi\u00f9 formativi della nostra vita di renderci uniformi,  di rivoluzionarci, di narcotizzarci.<br \/>\n&#8220;Educazione ad una concezione  del mondo&#8221;. cos\u00ec veniva chiamato il metodo spregevole di soffocare in  una nebbia di vuote frasi i germi del pensiero individuale.<br \/>\nCapi  appositamente scelti che non si potevano immaginare pi\u00f9 diabolici e nel  contempo di mentalit\u00e0 pi\u00f9 limitata, educano i futuri bonzi del partito,  in luoghi speciali, per formarne degli sfruttatori svergognati e senza  scrupoli e degli assassini, per averne dei seguaci ciechi e stupidi del  Fuhrer .<br \/>\nNoi, &#8221; lavoratori del pensiero&#8221; , saremmo proprio adatti  per servire da strumento a questa nuova classe di padroni. Dei  combattenti vengono puniti come scolaretti dai gerarchi delle  organizzazioni studentesche ed aspiranti Gauleiter, e dei Gauleiter  offendono l&#8217;onore delle studentesse con scherzi volgari. Le studentesse  tedesche dell&#8217;Universit\u00e0 di Monaco hanno dato una degna risposta  all&#8217;offesa del loro onore, e gli studenti tedeschi si sono schierati in  difesa delle loro compagne e sono restati saldi&#8230;<br \/>\n\u00c8 questo un  inizio della lotta per la nostra libera autodeterminazione, senza la  quale non possono essere creati valori spirituali. Il nostro  ringraziamento va alle nostre coraggiose compagne ed ai compagni, che ci  hanno dato un esempio cos\u00ec luminoso!<br \/>\nPer noi esiste una sola parola  d&#8217;ordine: lotta contro il partito! Fuori dall&#8217;organizzazione del  partito, in cui ci si vuole te nere ancora a bocca chiusa in . materia  di politica! Fuori dalle aule dove parlano i piccoli e i grandi capi  delle SS e i cortigiani del partito! A noi interessano una vera scienza  ed una autentica libert\u00e0 spirituale! Nessuna minaccia ci pu\u00f2 spaventare,  neanche la chiusura delle nostre universit\u00e0. Si tratta della lotta di  ognuno di noi per il nostro futuro , per la nostra libert\u00e0 ed il nostro  onore, in uno stato che sia consapevole della sua responsabilit\u00e0 morale.<br \/>\nLibert\u00e0 e onore! Per dieci lunghi anni Hitler ed i suoi seguaci  hanno spremuto fino alla nausea queste due magnifiche che parole  tedesche, le hanno svuotate, alterate come possono fare soltanto i  dilettanti, che gettano ai porci i pi\u00f9 alti valori di una nazione. Quel  che valgono per loro la libert\u00e0 e l&#8217;onore, lo hanno dimostrato a  sufficienza durante dieci anni di distruzione di tutte le libert\u00e0  materiali e spirituali, di ogni valore morale nel popolo tedesco.  L&#8217;orribile bagno di sangue che essi hanno causato e che ogni giorno  causano in tutta l&#8217;Europa in nome della libert\u00e0 e dell&#8217;onore della  nazione germanica ha aperto gli occhi anche al pi\u00f9 ottuso dei tedeschi.  Il nome tedesco rimarr\u00e0 disonorato per sempre, se la giovent\u00f9 tedesca  non insorger\u00e0 ed insieme vendicando ed espiando non schiaccer\u00e0 i suoi  aguzzini e non dar\u00e0 origine a una nuova Europa dello spirito .<br \/>\nStudentesse  ! Studenti ! Il popolo tedesco guarda a noi ! Da noi attende, come gi\u00e0  nel 1813 la distruzione del terrore napoleonico , cos\u00ec ancora oggi nel  1943 la distruzione del terrore nazionalsocialista mediante la potenza  dello spirito. Si levano ad oriente le fiamme della Beresina e di  Stalingrado, i morti di Stalingrado ci scongiurano .<br \/>\n&#8221; Levati, mio popolo, i segnali di fuoco fumano! &#8220;.<br \/>\nIl  nostro popolo si leva contro l&#8217;asservimento dell&#8217;Europa da parte del  nazionalsocialismo, in un nuovo impeto di fede nella libert\u00e0 e  nell\u2019onore.<\/p>\n","protected":false},"excerpt":{"rendered":"<p>Colleghe! Colleghi! Il nostro popolo si trova profondamente scosso di fronte all&#8217;ecatombe umana di Stalingrado. La geniale strategia del caporale della prima guerra mondiale ha spinto alla morte in modo insensato ed irresponsabile trecentotrentamila tedeschi. Fuhrer, ti ringraziamo! Fermenta nel popolo tedesco la domanda: vogliamo ancora affidare il destino delle nostre armate a un dilettante. &hellip; <a href=\"https:\/\/www.rosabianca.org\/?page_id=87\" class=\"more-link\">Continua la lettura di <span class=\"screen-reader-text\">Sesto volantino<\/span> <span class=\"meta-nav\">&rarr;<\/span><\/a><\/p>\n","protected":false},"author":1,"featured_media":0,"parent":62,"menu_order":6,"comment_status":"open","ping_status":"closed","template":"","meta":{"footnotes":""},"class_list":["post-87","page","type-page","status-publish","hentry"],"publishpress_future_action":{"enabled":false,"date":"2026-05-09 15:14:50","action":"change-status","newStatus":"draft","terms":[],"taxonomy":"","extraData":[]},"publishpress_future_workflow_manual_trigger":{"enabledWorkflows":[]},"_links":{"self":[{"href":"https:\/\/www.rosabianca.org\/index.php?rest_route=\/wp\/v2\/pages\/87","targetHints":{"allow":["GET"]}}],"collection":[{"href":"https:\/\/www.rosabianca.org\/index.php?rest_route=\/wp\/v2\/pages"}],"about":[{"href":"https:\/\/www.rosabianca.org\/index.php?rest_route=\/wp\/v2\/types\/page"}],"author":[{"embeddable":true,"href":"https:\/\/www.rosabianca.org\/index.php?rest_route=\/wp\/v2\/users\/1"}],"replies":[{"embeddable":true,"href":"https:\/\/www.rosabianca.org\/index.php?rest_route=%2Fwp%2Fv2%2Fcomments&post=87"}],"version-history":[{"count":2,"href":"https:\/\/www.rosabianca.org\/index.php?rest_route=\/wp\/v2\/pages\/87\/revisions"}],"predecessor-version":[{"id":89,"href":"https:\/\/www.rosabianca.org\/index.php?rest_route=\/wp\/v2\/pages\/87\/revisions\/89"}],"up":[{"embeddable":true,"href":"https:\/\/www.rosabianca.org\/index.php?rest_route=\/wp\/v2\/pages\/62"}],"wp:attachment":[{"href":"https:\/\/www.rosabianca.org\/index.php?rest_route=%2Fwp%2Fv2%2Fmedia&parent=87"}],"curies":[{"name":"wp","href":"https:\/\/api.w.org\/{rel}","templated":true}]}}