{"id":960,"date":"2014-02-08T16:09:32","date_gmt":"2014-02-08T16:09:32","guid":{"rendered":"http:\/\/www.rosabianca.org\/?page_id=960"},"modified":"2015-10-24T12:34:39","modified_gmt":"2015-10-24T12:34:39","slug":"la-proposta","status":"publish","type":"page","link":"https:\/\/www.rosabianca.org\/?page_id=960","title":{"rendered":"La proposta"},"content":{"rendered":"<figure id=\"attachment_992\" aria-describedby=\"caption-attachment-992\" style=\"width: 151px\" class=\"wp-caption alignleft\"><a href=\"https:\/\/www.rosabianca.org\/wp-content\/uploads\/ROSAB3_256piccola.jpg\"><img loading=\"lazy\" decoding=\"async\" class=\"size-full wp-image-992\" src=\"https:\/\/www.rosabianca.org\/wp-content\/uploads\/ROSAB3_256piccola.jpg\" alt=\"Rosa Bianca\" width=\"151\" height=\"160\" \/><\/a><figcaption id=\"caption-attachment-992\" class=\"wp-caption-text\">Rosa Bianca<\/figcaption><\/figure>\n<p style=\"margin: 0px 0px 24px; color: #2b2b2b; font-family: Lato, sans-serif; font-size: 16px; font-style: normal; font-variant: normal; font-weight: normal; letter-spacing: normal; line-height: 24px; orphans: auto; text-align: start; text-indent: 0px; text-transform: none; white-space: normal; widows: auto; word-spacing: 0px; -webkit-text-stroke-width: 0px;\">\n<p style=\"margin: 0px 0px 24px; color: #2b2b2b; font-family: Lato, sans-serif; font-size: 16px; font-style: normal; font-variant: normal; font-weight: normal; letter-spacing: normal; line-height: 24px; orphans: auto; text-align: start; text-indent: 0px; text-transform: none; white-space: normal; widows: auto; word-spacing: 0px; -webkit-text-stroke-width: 0px;\">\n<p style=\"margin: 0px 0px 24px; color: #2b2b2b; font-family: Lato, sans-serif; font-size: 16px; font-style: normal; font-variant: normal; font-weight: normal; letter-spacing: normal; line-height: 24px; orphans: auto; text-align: start; text-indent: 0px; text-transform: none; white-space: normal; widows: auto; word-spacing: 0px; -webkit-text-stroke-width: 0px;\">\n<p style=\"margin: 0px 0px 24px; color: #2b2b2b; font-family: Lato, sans-serif; font-size: 16px; font-style: normal; font-variant: normal; font-weight: normal; letter-spacing: normal; line-height: 24px; orphans: auto; text-align: start; text-indent: 0px; text-transform: none; white-space: normal; widows: auto; word-spacing: 0px; -webkit-text-stroke-width: 0px;\">\n<p style=\"margin: 0px 0px 24px; color: #2b2b2b; font-family: Lato, sans-serif; font-size: 16px; font-style: normal; font-variant: normal; font-weight: normal; letter-spacing: normal; line-height: 24px; orphans: auto; text-align: start; text-indent: 0px; text-transform: none; white-space: normal; widows: auto; word-spacing: 0px; -webkit-text-stroke-width: 0px;\">\n<p style=\"margin: 0px 0px 24px; color: #2b2b2b; font-family: Lato, sans-serif; font-size: 16px; font-style: normal; font-variant: normal; font-weight: normal; letter-spacing: normal; line-height: 24px; orphans: auto; text-align: start; text-indent: 0px; text-transform: none; white-space: normal; widows: auto; word-spacing: 0px; -webkit-text-stroke-width: 0px;\">\n<p style=\"margin: 0px 0px 24px; color: #2b2b2b; font-family: Lato, sans-serif; font-size: 16px; font-style: normal; font-variant: normal; font-weight: normal; letter-spacing: normal; line-height: 24px; orphans: auto; text-align: start; text-indent: 0px; text-transform: none; white-space: normal; widows: auto; word-spacing: 0px; -webkit-text-stroke-width: 0px;\">\n<p style=\"margin: 0px 0px 24px; color: #2b2b2b; font-family: Lato, sans-serif; font-size: 16px; font-style: normal; font-variant: normal; font-weight: normal; letter-spacing: normal; line-height: 24px; orphans: auto; text-align: start; text-indent: 0px; text-transform: none; white-space: normal; widows: auto; word-spacing: 0px; -webkit-text-stroke-width: 0px;\"><strong>La Rosa Bianca Italiana<\/strong> nasce per la forte esigenza di non disperdere n\u00e9 il patrimonio comune, n\u00e9 la ricchezza delle molte relazioni intrecciate, caratterizzate da un rapporto franco, dalla convivialit\u00e0 degli incontri, dalla passione condivisa, dalle scelte di vita radicali maturate dall\u2019incontro di giovani provenienti dallo scoutismo, dalla Fuci, dall\u2019Azione Cattolica, dal volontariato e dalla Lega Democratica, da esperienze di vita politica alternativa e nell\u2019alveo del cattolicesimo democratico.<\/p>\n<p style=\"margin: 0px 0px 24px; color: #2b2b2b; font-family: Lato, sans-serif; font-size: 16px; font-style: normal; font-variant: normal; font-weight: normal; letter-spacing: normal; line-height: 24px; orphans: auto; text-align: start; text-indent: 0px; text-transform: none; white-space: normal; widows: auto; word-spacing: 0px; -webkit-text-stroke-width: 0px;\">Fin dalle origini si ispira alla memoria pericolosa della Weisse Rose, con le idee, le parole, l&#8217;azione politica di resistenza non violenta.<\/p>\n<p style=\"margin: 0px 0px 24px; color: #2b2b2b; font-family: Lato, sans-serif; font-size: 16px; font-style: normal; font-variant: normal; font-weight: normal; letter-spacing: normal; line-height: 24px; orphans: auto; text-align: start; text-indent: 0px; text-transform: none; white-space: normal; widows: auto; word-spacing: 0px; -webkit-text-stroke-width: 0px;\">La scelta dei temi formativi e degli ambiti di discussione viene scandita non solo dall&#8217;attualit\u00e0 politica, culturale, sociale ed ecclesiale italiana, ma anche dall&#8217;attenzione a ci\u00f2 che si muove, avanza, cresce o decresce nel mondo intero ed in particolare nei paesi impoveriti ma ricchi di fermento ideale ed all&#8217;avanguardia nel rinnovamento dell&#8217;amore per la polis.<\/p>\n","protected":false},"excerpt":{"rendered":"<p>La Rosa Bianca Italiana nasce per la forte esigenza di non disperdere n\u00e9 il patrimonio comune, n\u00e9 la ricchezza delle molte relazioni intrecciate, caratterizzate da un rapporto franco, dalla convivialit\u00e0 degli incontri, dalla passione condivisa, dalle scelte di vita radicali maturate dall\u2019incontro di giovani provenienti dallo scoutismo, dalla Fuci, dall\u2019Azione Cattolica, dal volontariato e dalla &hellip; <a href=\"https:\/\/www.rosabianca.org\/?page_id=960\" class=\"more-link\">Continua la lettura di <span class=\"screen-reader-text\">La proposta<\/span> <span class=\"meta-nav\">&rarr;<\/span><\/a><\/p>\n","protected":false},"author":1,"featured_media":0,"parent":2,"menu_order":0,"comment_status":"closed","ping_status":"closed","template":"","meta":{"footnotes":""},"class_list":["post-960","page","type-page","status-publish","hentry"],"publishpress_future_action":{"enabled":false,"date":"2026-05-04 11:54:55","action":"change-status","newStatus":"draft","terms":[],"taxonomy":"","extraData":[]},"publishpress_future_workflow_manual_trigger":{"enabledWorkflows":[]},"_links":{"self":[{"href":"https:\/\/www.rosabianca.org\/index.php?rest_route=\/wp\/v2\/pages\/960","targetHints":{"allow":["GET"]}}],"collection":[{"href":"https:\/\/www.rosabianca.org\/index.php?rest_route=\/wp\/v2\/pages"}],"about":[{"href":"https:\/\/www.rosabianca.org\/index.php?rest_route=\/wp\/v2\/types\/page"}],"author":[{"embeddable":true,"href":"https:\/\/www.rosabianca.org\/index.php?rest_route=\/wp\/v2\/users\/1"}],"replies":[{"embeddable":true,"href":"https:\/\/www.rosabianca.org\/index.php?rest_route=%2Fwp%2Fv2%2Fcomments&post=960"}],"version-history":[{"count":2,"href":"https:\/\/www.rosabianca.org\/index.php?rest_route=\/wp\/v2\/pages\/960\/revisions"}],"predecessor-version":[{"id":1474,"href":"https:\/\/www.rosabianca.org\/index.php?rest_route=\/wp\/v2\/pages\/960\/revisions\/1474"}],"up":[{"embeddable":true,"href":"https:\/\/www.rosabianca.org\/index.php?rest_route=\/wp\/v2\/pages\/2"}],"wp:attachment":[{"href":"https:\/\/www.rosabianca.org\/index.php?rest_route=%2Fwp%2Fv2%2Fmedia&parent=960"}],"curies":[{"name":"wp","href":"https:\/\/api.w.org\/{rel}","templated":true}]}}